{"id":8330,"date":"2023-05-24T09:16:02","date_gmt":"2023-05-24T07:16:02","guid":{"rendered":"https:\/\/pulsationpens.pl\/?post_type=product&#038;p=8330"},"modified":"2023-09-15T00:30:59","modified_gmt":"2023-09-14T22:30:59","slug":"citrine-amulet-2","status":"publish","type":"product","link":"https:\/\/pulsationpens.pl\/pl\/sklep\/citrine-amulet-2\/","title":{"rendered":"Citrine Amulet"},"content":{"rendered":"<p>S\u0142u\u017cy do bezkontaktowej i kontaktowej stymulacji energetycznej, do zmniejszania b\u00f3lu i pobudzania przep\u0142ywu energii w organizmie, co aktywuj\u0119 i u\u0142atwia procesy samoleczenia i regeneracji organizmu. Polecany do stymulacji punkt\u00f3w refleksologicznych na d\u0142oniach i stopach, meridianach, czakrach oraz do u\u015bmierzania dolegliwo\u015bci b\u00f3lowych.<\/p>\n<p class=\" translation-block\">Kryszta\u0142 otoczony jest spiraln\u0105 miedzian\u0105 cewk\u0105, kt\u00f3ra wzmacnia dzia\u0142anie minera\u0142u, co przek\u0142ada si\u0119 na natychmiastowy, fizycznie odczuwalny efekt leczniczy. Harmonizuj\u0105cy efekt Urz\u0105dzenia dzia\u0142a zar\u00f3wno na otoczenie  jak i na u\u017cytkownika, generuj\u0105c wok\u00f3\u0142 siebie pole bioenergetyczne. Wprowadza w naturalny stan medytacji i relaksu oraz usuwa negatywny wp\u0142yw elektrosmogu, wi-fi i urz\u0105dze\u0144 elektrycznych w Twojej przestrzeni. Polecany do noszenia na wysoko\u015bci serca.<\/p>","protected":false},"excerpt":{"rendered":"<p class=\" translation-block\"><strong>Citrine Amulet<\/strong> to urz\u0105dzenie bioenergetyczne do stymulacji energetycznej. Wykonane jest z nano-miedzi \u2013 warstwy pokrytej miedzi\u0105, kt\u00f3ra zawiera energi\u0119\/informacj\u0119 naturalnych soli mineralnych, dzikich zi\u00f3\u0142, ormusu i gansu (gazu w stanie nano). U \u015brodku amuletu znajduj\u0119 si\u0119 naturalny, surowy kryszta\u0142 - Cytryn.<\/p>","protected":false},"featured_media":8335,"comment_status":"open","ping_status":"closed","template":"","meta":{"site-sidebar-layout":"default","site-content-layout":"default","ast-global-header-display":"","ast-banner-title-visibility":"","ast-main-header-display":"","ast-hfb-above-header-display":"","ast-hfb-below-header-display":"","ast-hfb-mobile-header-display":"","site-post-title":"","ast-breadcrumbs-content":"","ast-featured-img":"","footer-sml-layout":"","theme-transparent-header-meta":"default","adv-header-id-meta":"","stick-header-meta":"","header-above-stick-meta":"","header-main-stick-meta":"","header-below-stick-meta":"","_vp_format_video_url":"","_vp_image_focal_point":[]},"product_cat":[49,112],"product_tag":[],"yoast_head":"<!-- This site is optimized with the Yoast SEO plugin v20.9 - https:\/\/yoast.com\/wordpress\/plugins\/seo\/ -->\n<title>Citrine Amulet - Pulsation Pens<\/title>\n<meta name=\"robots\" content=\"index, follow, max-snippet:-1, max-image-preview:large, max-video-preview:-1\" \/>\n<link rel=\"canonical\" href=\"https:\/\/pulsationpens.pl\/pl\/sklep\/citrine-amulet-2\/\" \/>\n<meta property=\"og:locale\" content=\"pl_PL\" \/>\n<meta property=\"og:type\" content=\"article\" \/>\n<meta property=\"og:title\" content=\"Citrine Amulet - Pulsation Pens\" \/>\n<meta property=\"og:description\" content=\"Citrine Amulet is a Bioenergetic Amulet \u2013 Device made of nano-copper \u2013 cooper covered a layer that contains information\/energy of natural mineral salts, wild herbs, ormus and Gans (gas at nano state). At the base of the Amulet is a Natural, Raw Crystal \u2013 Citrine.\" \/>\n<meta property=\"og:url\" content=\"https:\/\/pulsationpens.pl\/pl\/sklep\/citrine-amulet-2\/\" \/>\n<meta property=\"og:site_name\" content=\"Pulsation Pens\" \/>\n<meta property=\"article:publisher\" content=\"https:\/\/www.facebook.com\/balsamlasu\" \/>\n<meta property=\"article:modified_time\" content=\"2023-09-14T22:30:59+00:00\" \/>\n<meta property=\"og:image\" content=\"https:\/\/pulsationpens.pl\/wp-content\/uploads\/2023\/05\/cytryn-2.jpg\" \/>\n\t<meta property=\"og:image:width\" content=\"864\" \/>\n\t<meta property=\"og:image:height\" content=\"697\" \/>\n\t<meta property=\"og:image:type\" content=\"image\/jpeg\" \/>\n<meta name=\"twitter:card\" content=\"summary_large_image\" \/>\n<meta name=\"twitter:label1\" content=\"Szacowany czas czytania\" \/>\n\t<meta name=\"twitter:data1\" content=\"1 minuta\" \/>\n<script type=\"application\/ld+json\" class=\"yoast-schema-graph\">{\"@context\":\"https:\/\/schema.org\",\"@graph\":[{\"@type\":\"WebPage\",\"@id\":\"https:\/\/pulsationpens.pl\/sklep\/citrine-amulet-2\/\",\"url\":\"https:\/\/pulsationpens.pl\/sklep\/citrine-amulet-2\/\",\"name\":\"Citrine Amulet - Pulsation Pens\",\"isPartOf\":{\"@id\":\"https:\/\/pulsationpens.pl\/#website\"},\"datePublished\":\"2023-05-24T07:16:02+00:00\",\"dateModified\":\"2023-09-14T22:30:59+00:00\",\"breadcrumb\":{\"@id\":\"https:\/\/pulsationpens.pl\/sklep\/citrine-amulet-2\/#breadcrumb\"},\"inLanguage\":\"pl-PL\",\"potentialAction\":[{\"@type\":\"ReadAction\",\"target\":[\"https:\/\/pulsationpens.pl\/sklep\/citrine-amulet-2\/\"]}]},{\"@type\":\"BreadcrumbList\",\"@id\":\"https:\/\/pulsationpens.pl\/sklep\/citrine-amulet-2\/#breadcrumb\",\"itemListElement\":[{\"@type\":\"ListItem\",\"position\":1,\"name\":\"Strona g\u0142\u00f3wna\",\"item\":\"https:\/\/pulsationpens.pl\/\"},{\"@type\":\"ListItem\",\"position\":2,\"name\":\"Shop\",\"item\":\"https:\/\/pulsationpens.pl\/shop\/\"},{\"@type\":\"ListItem\",\"position\":3,\"name\":\"Citrine Amulet\"}]},{\"@type\":\"WebSite\",\"@id\":\"https:\/\/pulsationpens.pl\/#website\",\"url\":\"https:\/\/pulsationpens.pl\/\",\"name\":\"Pulsation Pens\",\"description\":\"Bioenergetic Devices - Crystal Wands and Amulets\",\"publisher\":{\"@id\":\"https:\/\/pulsationpens.pl\/#organization\"},\"potentialAction\":[{\"@type\":\"SearchAction\",\"target\":{\"@type\":\"EntryPoint\",\"urlTemplate\":\"https:\/\/pulsationpens.pl\/?s={search_term_string}\"},\"query-input\":\"required name=search_term_string\"}],\"inLanguage\":\"pl-PL\"},{\"@type\":\"Organization\",\"@id\":\"https:\/\/pulsationpens.pl\/#organization\",\"name\":\"Pulsation Pens\",\"url\":\"https:\/\/pulsationpens.pl\/\",\"logo\":{\"@type\":\"ImageObject\",\"inLanguage\":\"pl-PL\",\"@id\":\"https:\/\/pulsationpens.pl\/#\/schema\/logo\/image\/\",\"url\":\"https:\/\/pulsationpens.pl\/wp-content\/uploads\/2024\/01\/PULSATION-LOGO-CIRCLE.png\",\"contentUrl\":\"https:\/\/pulsationpens.pl\/wp-content\/uploads\/2024\/01\/PULSATION-LOGO-CIRCLE.png\",\"width\":\"1024\",\"height\":\"1024\",\"caption\":\"Pulsation Pens\"},\"image\":{\"@id\":\"https:\/\/pulsationpens.pl\/#\/schema\/logo\/image\/\"},\"sameAs\":[\"https:\/\/www.facebook.com\/balsamlasu\",\"https:\/\/www.instagram.com\/pulsationpens.pl\/\"]}]}<\/script>\n<!-- \/ Yoast SEO plugin. -->","yoast_head_json":{"title":"Citrine Amulet - Pulsation Pens","robots":{"index":"index","follow":"follow","max-snippet":"max-snippet:-1","max-image-preview":"max-image-preview:large","max-video-preview":"max-video-preview:-1"},"canonical":"https:\/\/pulsationpens.pl\/pl\/sklep\/citrine-amulet-2\/","og_locale":"pl_PL","og_type":"article","og_title":"Citrine Amulet - Pulsation Pens","og_description":"Citrine Amulet is a Bioenergetic Amulet \u2013 Device made of nano-copper \u2013 cooper covered a layer that contains information\/energy of natural mineral salts, wild herbs, ormus and Gans (gas at nano state). At the base of the Amulet is a Natural, Raw Crystal \u2013 Citrine.","og_url":"https:\/\/pulsationpens.pl\/pl\/sklep\/citrine-amulet-2\/","og_site_name":"Pulsation Pens","article_publisher":"https:\/\/www.facebook.com\/balsamlasu","article_modified_time":"2023-09-14T22:30:59+00:00","og_image":[{"width":864,"height":697,"url":"https:\/\/pulsationpens.pl\/wp-content\/uploads\/2023\/05\/cytryn-2.jpg","type":"image\/jpeg"}],"twitter_card":"summary_large_image","twitter_misc":{"Szacowany czas czytania":"1 minuta"},"schema":{"@context":"https:\/\/schema.org","@graph":[{"@type":"WebPage","@id":"https:\/\/pulsationpens.pl\/sklep\/citrine-amulet-2\/","url":"https:\/\/pulsationpens.pl\/sklep\/citrine-amulet-2\/","name":"Citrine Amulet - Pulsation Pens","isPartOf":{"@id":"https:\/\/pulsationpens.pl\/#website"},"datePublished":"2023-05-24T07:16:02+00:00","dateModified":"2023-09-14T22:30:59+00:00","breadcrumb":{"@id":"https:\/\/pulsationpens.pl\/sklep\/citrine-amulet-2\/#breadcrumb"},"inLanguage":"pl-PL","potentialAction":[{"@type":"ReadAction","target":["https:\/\/pulsationpens.pl\/sklep\/citrine-amulet-2\/"]}]},{"@type":"BreadcrumbList","@id":"https:\/\/pulsationpens.pl\/sklep\/citrine-amulet-2\/#breadcrumb","itemListElement":[{"@type":"ListItem","position":1,"name":"Strona g\u0142\u00f3wna","item":"https:\/\/pulsationpens.pl\/"},{"@type":"ListItem","position":2,"name":"Shop","item":"https:\/\/pulsationpens.pl\/shop\/"},{"@type":"ListItem","position":3,"name":"Citrine Amulet"}]},{"@type":"WebSite","@id":"https:\/\/pulsationpens.pl\/#website","url":"https:\/\/pulsationpens.pl\/","name":"Pulsation Pens","description":"Bioenergetic Devices - Crystal Wands and Amulets","publisher":{"@id":"https:\/\/pulsationpens.pl\/#organization"},"potentialAction":[{"@type":"SearchAction","target":{"@type":"EntryPoint","urlTemplate":"https:\/\/pulsationpens.pl\/?s={search_term_string}"},"query-input":"required name=search_term_string"}],"inLanguage":"pl-PL"},{"@type":"Organization","@id":"https:\/\/pulsationpens.pl\/#organization","name":"Pulsation Pens","url":"https:\/\/pulsationpens.pl\/","logo":{"@type":"ImageObject","inLanguage":"pl-PL","@id":"https:\/\/pulsationpens.pl\/#\/schema\/logo\/image\/","url":"https:\/\/pulsationpens.pl\/wp-content\/uploads\/2024\/01\/PULSATION-LOGO-CIRCLE.png","contentUrl":"https:\/\/pulsationpens.pl\/wp-content\/uploads\/2024\/01\/PULSATION-LOGO-CIRCLE.png","width":"1024","height":"1024","caption":"Pulsation Pens"},"image":{"@id":"https:\/\/pulsationpens.pl\/#\/schema\/logo\/image\/"},"sameAs":["https:\/\/www.facebook.com\/balsamlasu","https:\/\/www.instagram.com\/pulsationpens.pl\/"]}]}},"_links":{"self":[{"href":"https:\/\/pulsationpens.pl\/pl\/wp-json\/wp\/v2\/product\/8330"}],"collection":[{"href":"https:\/\/pulsationpens.pl\/pl\/wp-json\/wp\/v2\/product"}],"about":[{"href":"https:\/\/pulsationpens.pl\/pl\/wp-json\/wp\/v2\/types\/product"}],"replies":[{"embeddable":true,"href":"https:\/\/pulsationpens.pl\/pl\/wp-json\/wp\/v2\/comments?post=8330"}],"version-history":[{"count":0,"href":"https:\/\/pulsationpens.pl\/pl\/wp-json\/wp\/v2\/product\/8330\/revisions"}],"wp:featuredmedia":[{"embeddable":true,"href":"https:\/\/pulsationpens.pl\/pl\/wp-json\/wp\/v2\/media\/8335"}],"wp:attachment":[{"href":"https:\/\/pulsationpens.pl\/pl\/wp-json\/wp\/v2\/media?parent=8330"}],"wp:term":[{"taxonomy":"product_cat","embeddable":true,"href":"https:\/\/pulsationpens.pl\/pl\/wp-json\/wp\/v2\/product_cat?post=8330"},{"taxonomy":"product_tag","embeddable":true,"href":"https:\/\/pulsationpens.pl\/pl\/wp-json\/wp\/v2\/product_tag?post=8330"}],"curies":[{"name":"wp","href":"https:\/\/api.w.org\/{rel}","templated":true}]}}