{"id":6391,"date":"2022-04-22T09:51:30","date_gmt":"2022-04-22T07:51:30","guid":{"rendered":"https:\/\/pulsationpens.pl\/?post_type=product&#038;p=6391"},"modified":"2023-05-09T10:59:13","modified_gmt":"2023-05-09T08:59:13","slug":"crystal-pulsationpen-mini-urzadzenie-bioenergetyczne","status":"publish","type":"product","link":"https:\/\/pulsationpens.pl\/pl\/sklep\/crystal-pulsationpen-mini-urzadzenie-bioenergetyczne\/","title":{"rendered":"CRYSTAL PULSATIONPEN MINI &#8211; URZ\u0104DZENIE BIOENERGETYCZNE"},"content":{"rendered":"<p>Idealny do precyzyjnej bezdotykowej i dotykowej stymulacji energetycznej, niwelowania b\u00f3lu oraz pobudzania przep\u0142ywu energii w ciele, co prowadzi do aktywowania i u\u0142atwienia przebiegu proces\u00f3w samoleczenia i regeneracji w organizmie.<\/p>\n<p>Polecany do stymulacji punkt\u00f3w refleksologicznych na d\u0142oniach oraz stopach, meridian\u00f3w, czakr i niwelowania b\u00f3lu.<\/p>\n<p>Pobudza, Harmonizuje, Oczyszcza i Wzmacnia centra energetyczne daj\u0105c \u015brodowisko do \u017cycia w zdrowiu i harmonii w naszym w\u0142asnym ciele.<\/p>\n<p>Kryszta\u0142 G\u00f3rski w otoczeniu spiralnej cewki Tesli pokrytej prozdrowotn\u0105 nano-warstw\u0105 wzmacnia dzia\u0142anie minera\u0142u, co przek\u0142ada si\u0119 na natychmiastowe, odczuwalne fizycznie dzia\u0142anie lecznicze.<\/p>\n<p>Wp\u0142ywa harmonizuj\u0105co zar\u00f3wno na otoczenie jak i na u\u017cytkownika generuj\u0105c wok\u00f3\u0142 siebie subtelny energetyczny puls.<\/p>\n<p>Wprowadza w naturalny stan medytacji i odpr\u0119\u017cenia. Usuwa r\u00f3wnie\u017c negatywny wp\u0142yw elektro-smogu (wi-fi, urz\u0105dzenia elektryczne, itp) w przestrzeni.<\/p>\n<p>Wymiary 12 x 4 cm<\/p>","protected":false},"excerpt":{"rendered":"<p><!--more-->Pulsation Pen \u2013 Bioenergetyczne urz\u0105dzenie kierunkowe wykonane z nano-miedzi, kt\u00f3ra zawiera w sobie informacj\u0119\/energi\u0119 naturalnych soli mineralnych, dzikich zi\u00f3\u0142, ormusu i gans\u00f3w.<\/p>\n<p>U podstawy Pulsation Pen\u2019a znajduj\u0119 si\u0119 nasz rodzimy Kryszta\u0142 G\u00f3rski odkryty nieopodal G\u00f3ry \u015al\u0119\u017cy o wspania\u0142ej silnej energetyce.<\/p>","protected":false},"featured_media":6347,"comment_status":"open","ping_status":"closed","template":"","meta":{"site-sidebar-layout":"default","site-content-layout":"default","ast-global-header-display":"","ast-banner-title-visibility":"","ast-main-header-display":"","ast-hfb-above-header-display":"","ast-hfb-below-header-display":"","ast-hfb-mobile-header-display":"","site-post-title":"","ast-breadcrumbs-content":"","ast-featured-img":"","footer-sml-layout":"","theme-transparent-header-meta":"default","adv-header-id-meta":"","stick-header-meta":"","header-above-stick-meta":"","header-main-stick-meta":"","header-below-stick-meta":"","_vp_format_video_url":"","_vp_image_focal_point":[]},"product_cat":[47],"product_tag":[59],"yoast_head":"<!-- This site is optimized with the Yoast SEO plugin v20.9 - https:\/\/yoast.com\/wordpress\/plugins\/seo\/ -->\n<title>CRYSTAL PULSATIONPEN MINI - URZ\u0104DZENIE BIOENERGETYCZNE - Pulsation Pens<\/title>\n<meta name=\"robots\" content=\"index, follow, max-snippet:-1, max-image-preview:large, max-video-preview:-1\" \/>\n<link rel=\"canonical\" href=\"https:\/\/pulsationpens.pl\/pl\/sklep\/crystal-pulsationpen-mini-urzadzenie-bioenergetyczne\/\" \/>\n<meta property=\"og:locale\" content=\"pl_PL\" \/>\n<meta property=\"og:type\" content=\"article\" \/>\n<meta property=\"og:title\" content=\"CRYSTAL PULSATIONPEN MINI - URZ\u0104DZENIE BIOENERGETYCZNE - Pulsation Pens\" \/>\n<meta property=\"og:description\" content=\"Pulsation Pen \u2013 Bioenergetyczne urz\u0105dzenie kierunkowe wykonane z nano-miedzi, kt\u00f3ra zawiera w sobie informacj\u0119\/energi\u0119 naturalnych soli mineralnych, dzikich zi\u00f3\u0142, ormusu i gans\u00f3w.  U podstawy Pulsation Pen\u2019a znajduj\u0119 si\u0119 nasz rodzimy Kryszta\u0142 G\u00f3rski odkryty nieopodal G\u00f3ry \u015al\u0119\u017cy o wspania\u0142ej silnej energetyce.\" \/>\n<meta property=\"og:url\" content=\"https:\/\/pulsationpens.pl\/pl\/sklep\/crystal-pulsationpen-mini-urzadzenie-bioenergetyczne\/\" \/>\n<meta property=\"og:site_name\" content=\"Pulsation Pens\" \/>\n<meta property=\"article:publisher\" content=\"https:\/\/www.facebook.com\/balsamlasu\" \/>\n<meta property=\"article:modified_time\" content=\"2023-05-09T08:59:13+00:00\" \/>\n<meta property=\"og:image\" content=\"https:\/\/pulsationpens.pl\/wp-content\/uploads\/2022\/04\/1650440040724.jpg\" \/>\n\t<meta property=\"og:image:width\" content=\"1870\" \/>\n\t<meta property=\"og:image:height\" content=\"1142\" \/>\n\t<meta property=\"og:image:type\" content=\"image\/jpeg\" \/>\n<meta name=\"twitter:card\" content=\"summary_large_image\" \/>\n<meta name=\"twitter:label1\" content=\"Szacowany czas czytania\" \/>\n\t<meta name=\"twitter:data1\" content=\"1 minuta\" \/>\n<script type=\"application\/ld+json\" class=\"yoast-schema-graph\">{\"@context\":\"https:\/\/schema.org\",\"@graph\":[{\"@type\":\"WebPage\",\"@id\":\"https:\/\/pulsationpens.pl\/sklep\/crystal-pulsationpen-mini-urzadzenie-bioenergetyczne\/\",\"url\":\"https:\/\/pulsationpens.pl\/sklep\/crystal-pulsationpen-mini-urzadzenie-bioenergetyczne\/\",\"name\":\"CRYSTAL PULSATIONPEN MINI - URZ\u0104DZENIE BIOENERGETYCZNE - Pulsation Pens\",\"isPartOf\":{\"@id\":\"https:\/\/pulsationpens.pl\/#website\"},\"datePublished\":\"2022-04-22T07:51:30+00:00\",\"dateModified\":\"2023-05-09T08:59:13+00:00\",\"breadcrumb\":{\"@id\":\"https:\/\/pulsationpens.pl\/sklep\/crystal-pulsationpen-mini-urzadzenie-bioenergetyczne\/#breadcrumb\"},\"inLanguage\":\"pl-PL\",\"potentialAction\":[{\"@type\":\"ReadAction\",\"target\":[\"https:\/\/pulsationpens.pl\/sklep\/crystal-pulsationpen-mini-urzadzenie-bioenergetyczne\/\"]}]},{\"@type\":\"BreadcrumbList\",\"@id\":\"https:\/\/pulsationpens.pl\/sklep\/crystal-pulsationpen-mini-urzadzenie-bioenergetyczne\/#breadcrumb\",\"itemListElement\":[{\"@type\":\"ListItem\",\"position\":1,\"name\":\"Strona g\u0142\u00f3wna\",\"item\":\"https:\/\/pulsationpens.pl\/\"},{\"@type\":\"ListItem\",\"position\":2,\"name\":\"Shop\",\"item\":\"https:\/\/pulsationpens.pl\/shop\/\"},{\"@type\":\"ListItem\",\"position\":3,\"name\":\"CRYSTAL PULSATIONPEN MINI &#8211; URZ\u0104DZENIE BIOENERGETYCZNE\"}]},{\"@type\":\"WebSite\",\"@id\":\"https:\/\/pulsationpens.pl\/#website\",\"url\":\"https:\/\/pulsationpens.pl\/\",\"name\":\"Pulsation Pens\",\"description\":\"Bioenergetic Devices - Crystal Wands and Amulets\",\"publisher\":{\"@id\":\"https:\/\/pulsationpens.pl\/#organization\"},\"potentialAction\":[{\"@type\":\"SearchAction\",\"target\":{\"@type\":\"EntryPoint\",\"urlTemplate\":\"https:\/\/pulsationpens.pl\/?s={search_term_string}\"},\"query-input\":\"required name=search_term_string\"}],\"inLanguage\":\"pl-PL\"},{\"@type\":\"Organization\",\"@id\":\"https:\/\/pulsationpens.pl\/#organization\",\"name\":\"Pulsation Pens\",\"url\":\"https:\/\/pulsationpens.pl\/\",\"logo\":{\"@type\":\"ImageObject\",\"inLanguage\":\"pl-PL\",\"@id\":\"https:\/\/pulsationpens.pl\/#\/schema\/logo\/image\/\",\"url\":\"https:\/\/pulsationpens.pl\/wp-content\/uploads\/2024\/01\/PULSATION-LOGO-CIRCLE.png\",\"contentUrl\":\"https:\/\/pulsationpens.pl\/wp-content\/uploads\/2024\/01\/PULSATION-LOGO-CIRCLE.png\",\"width\":\"1024\",\"height\":\"1024\",\"caption\":\"Pulsation Pens\"},\"image\":{\"@id\":\"https:\/\/pulsationpens.pl\/#\/schema\/logo\/image\/\"},\"sameAs\":[\"https:\/\/www.facebook.com\/balsamlasu\",\"https:\/\/www.instagram.com\/pulsationpens.pl\/\"]}]}<\/script>\n<!-- \/ Yoast SEO plugin. -->","yoast_head_json":{"title":"CRYSTAL PULSATIONPEN MINI - URZ\u0104DZENIE BIOENERGETYCZNE - Pulsation Pens","robots":{"index":"index","follow":"follow","max-snippet":"max-snippet:-1","max-image-preview":"max-image-preview:large","max-video-preview":"max-video-preview:-1"},"canonical":"https:\/\/pulsationpens.pl\/pl\/sklep\/crystal-pulsationpen-mini-urzadzenie-bioenergetyczne\/","og_locale":"pl_PL","og_type":"article","og_title":"CRYSTAL PULSATIONPEN MINI - URZ\u0104DZENIE BIOENERGETYCZNE - Pulsation Pens","og_description":"Pulsation Pen \u2013 Bioenergetyczne urz\u0105dzenie kierunkowe wykonane z nano-miedzi, kt\u00f3ra zawiera w sobie informacj\u0119\/energi\u0119 naturalnych soli mineralnych, dzikich zi\u00f3\u0142, ormusu i gans\u00f3w.  U podstawy Pulsation Pen\u2019a znajduj\u0119 si\u0119 nasz rodzimy Kryszta\u0142 G\u00f3rski odkryty nieopodal G\u00f3ry \u015al\u0119\u017cy o wspania\u0142ej silnej energetyce.","og_url":"https:\/\/pulsationpens.pl\/pl\/sklep\/crystal-pulsationpen-mini-urzadzenie-bioenergetyczne\/","og_site_name":"Pulsation Pens","article_publisher":"https:\/\/www.facebook.com\/balsamlasu","article_modified_time":"2023-05-09T08:59:13+00:00","og_image":[{"width":1870,"height":1142,"url":"https:\/\/pulsationpens.pl\/wp-content\/uploads\/2022\/04\/1650440040724.jpg","type":"image\/jpeg"}],"twitter_card":"summary_large_image","twitter_misc":{"Szacowany czas czytania":"1 minuta"},"schema":{"@context":"https:\/\/schema.org","@graph":[{"@type":"WebPage","@id":"https:\/\/pulsationpens.pl\/sklep\/crystal-pulsationpen-mini-urzadzenie-bioenergetyczne\/","url":"https:\/\/pulsationpens.pl\/sklep\/crystal-pulsationpen-mini-urzadzenie-bioenergetyczne\/","name":"CRYSTAL PULSATIONPEN MINI - URZ\u0104DZENIE BIOENERGETYCZNE - Pulsation Pens","isPartOf":{"@id":"https:\/\/pulsationpens.pl\/#website"},"datePublished":"2022-04-22T07:51:30+00:00","dateModified":"2023-05-09T08:59:13+00:00","breadcrumb":{"@id":"https:\/\/pulsationpens.pl\/sklep\/crystal-pulsationpen-mini-urzadzenie-bioenergetyczne\/#breadcrumb"},"inLanguage":"pl-PL","potentialAction":[{"@type":"ReadAction","target":["https:\/\/pulsationpens.pl\/sklep\/crystal-pulsationpen-mini-urzadzenie-bioenergetyczne\/"]}]},{"@type":"BreadcrumbList","@id":"https:\/\/pulsationpens.pl\/sklep\/crystal-pulsationpen-mini-urzadzenie-bioenergetyczne\/#breadcrumb","itemListElement":[{"@type":"ListItem","position":1,"name":"Strona g\u0142\u00f3wna","item":"https:\/\/pulsationpens.pl\/"},{"@type":"ListItem","position":2,"name":"Shop","item":"https:\/\/pulsationpens.pl\/shop\/"},{"@type":"ListItem","position":3,"name":"CRYSTAL PULSATIONPEN MINI &#8211; URZ\u0104DZENIE BIOENERGETYCZNE"}]},{"@type":"WebSite","@id":"https:\/\/pulsationpens.pl\/#website","url":"https:\/\/pulsationpens.pl\/","name":"Pulsation Pens","description":"Bioenergetic Devices - Crystal Wands and Amulets","publisher":{"@id":"https:\/\/pulsationpens.pl\/#organization"},"potentialAction":[{"@type":"SearchAction","target":{"@type":"EntryPoint","urlTemplate":"https:\/\/pulsationpens.pl\/?s={search_term_string}"},"query-input":"required name=search_term_string"}],"inLanguage":"pl-PL"},{"@type":"Organization","@id":"https:\/\/pulsationpens.pl\/#organization","name":"Pulsation Pens","url":"https:\/\/pulsationpens.pl\/","logo":{"@type":"ImageObject","inLanguage":"pl-PL","@id":"https:\/\/pulsationpens.pl\/#\/schema\/logo\/image\/","url":"https:\/\/pulsationpens.pl\/wp-content\/uploads\/2024\/01\/PULSATION-LOGO-CIRCLE.png","contentUrl":"https:\/\/pulsationpens.pl\/wp-content\/uploads\/2024\/01\/PULSATION-LOGO-CIRCLE.png","width":"1024","height":"1024","caption":"Pulsation Pens"},"image":{"@id":"https:\/\/pulsationpens.pl\/#\/schema\/logo\/image\/"},"sameAs":["https:\/\/www.facebook.com\/balsamlasu","https:\/\/www.instagram.com\/pulsationpens.pl\/"]}]}},"_links":{"self":[{"href":"https:\/\/pulsationpens.pl\/pl\/wp-json\/wp\/v2\/product\/6391"}],"collection":[{"href":"https:\/\/pulsationpens.pl\/pl\/wp-json\/wp\/v2\/product"}],"about":[{"href":"https:\/\/pulsationpens.pl\/pl\/wp-json\/wp\/v2\/types\/product"}],"replies":[{"embeddable":true,"href":"https:\/\/pulsationpens.pl\/pl\/wp-json\/wp\/v2\/comments?post=6391"}],"version-history":[{"count":0,"href":"https:\/\/pulsationpens.pl\/pl\/wp-json\/wp\/v2\/product\/6391\/revisions"}],"wp:featuredmedia":[{"embeddable":true,"href":"https:\/\/pulsationpens.pl\/pl\/wp-json\/wp\/v2\/media\/6347"}],"wp:attachment":[{"href":"https:\/\/pulsationpens.pl\/pl\/wp-json\/wp\/v2\/media?parent=6391"}],"wp:term":[{"taxonomy":"product_cat","embeddable":true,"href":"https:\/\/pulsationpens.pl\/pl\/wp-json\/wp\/v2\/product_cat?post=6391"},{"taxonomy":"product_tag","embeddable":true,"href":"https:\/\/pulsationpens.pl\/pl\/wp-json\/wp\/v2\/product_tag?post=6391"}],"curies":[{"name":"wp","href":"https:\/\/api.w.org\/{rel}","templated":true}]}}