{"id":6168,"date":"2021-12-16T19:20:07","date_gmt":"2021-12-16T18:20:07","guid":{"rendered":"https:\/\/pulsationpens.pl\/?post_type=product&#038;p=6168"},"modified":"2023-05-09T11:00:11","modified_gmt":"2023-05-09T09:00:11","slug":"bioenergetyczny-amulet-przywracajacy-przeplyw-energii-tensor","status":"publish","type":"product","link":"https:\/\/pulsationpens.pl\/pl\/sklep\/bioenergetyczny-amulet-przywracajacy-przeplyw-energii-tensor\/","title":{"rendered":"BIOENERGETYCZNY AMULET PRZYWRACAJ\u0104CY PRZEP\u0141YW ENERGII \u2013 TENSOR"},"content":{"rendered":"<p>Idealny do\u00a0<strong>niwelowania b\u00f3lu<\/strong>\u00a0oraz\u00a0<strong>pobudzania przep\u0142ywu energii w ciele<\/strong>, co prowadzi do aktywowania i u\u0142atwienia przebiegu proces\u00f3w samoleczenia i regeneracji w organizmie.<br \/>\nPobudza, Harmonizuje, Oczyszcza i Wzmacnia centra energetyczne daj\u0105c \u015brodowisko do \u017cycia w zdrowiu w naszym w\u0142asnym ciele.<\/p>\n<p>Spiralna Tensorowa cewka pokryta prozdrowotn\u0105 nano-warstw\u0105 wzmacnia dzia\u0142anie miedzi, co przek\u0142ada si\u0119 na natychmiastowe, odczuwalne fizycznie dzia\u0142anie lecznicze.<br \/>\nWp\u0142ywa harmonizuj\u0105co zar\u00f3wno na otoczenie jak i na u\u017cytkownika generuj\u0105c wok\u00f3\u0142 siebie subtelny energetyczny puls.<br \/>\nWprowadza w naturalny stan medytacji i odpr\u0119\u017cenia. Usuwa r\u00f3wnie\u017c negatywny wp\u0142yw elektro-smogu (wi-fi, urz\u0105dzenia elektryczne, itp) w przestrzeni.<\/p>","protected":false},"excerpt":{"rendered":"<p>Bioenergetyczny Amulet wykonany z <strong>pier\u015bcienia Tensorowego<\/strong>\u00a0z <strong>nano-miedzi<\/strong>, kt\u00f3ra zawiera w sobie informacj\u0119\/energi\u0119 naturalnych soli mineralnych, dzikich zi\u00f3\u0142, ormusu i gans\u00f3w.<br \/>\nPier\u015bcie\u0144 Tensorowy tworzy cewk\u0119 o zamkni\u0119tej energii, stanowi\u0105c jedno z najbardziej wydajnych \u017ar\u00f3de\u0142 co sprawia, \u017ce pomagaj\u0105 przywr\u00f3ci\u0107 swobodny, naturalny przep\u0142yw energii w ciele oraz dzia\u0142aj\u0105 jako inicjatory (przyspieszacze) intencji cz\u0142owieka wyra\u017canej za pomoc\u0105 energii my\u015bli i odczu\u0107.<\/p>","protected":false},"featured_media":6151,"comment_status":"open","ping_status":"closed","template":"","meta":{"site-sidebar-layout":"default","site-content-layout":"default","ast-global-header-display":"","ast-banner-title-visibility":"","ast-main-header-display":"","ast-hfb-above-header-display":"","ast-hfb-below-header-display":"","ast-hfb-mobile-header-display":"","site-post-title":"","ast-breadcrumbs-content":"","ast-featured-img":"","footer-sml-layout":"","theme-transparent-header-meta":"default","adv-header-id-meta":"","stick-header-meta":"","header-above-stick-meta":"","header-main-stick-meta":"","header-below-stick-meta":"","_vp_format_video_url":"","_vp_image_focal_point":[]},"product_cat":[49],"product_tag":[],"yoast_head":"<!-- This site is optimized with the Yoast SEO plugin v20.9 - https:\/\/yoast.com\/wordpress\/plugins\/seo\/ -->\n<title>BIOENERGETYCZNY AMULET PRZYWRACAJ\u0104CY PRZEP\u0141YW ENERGII \u2013 TENSOR - Pulsation Pens<\/title>\n<meta name=\"robots\" content=\"index, follow, max-snippet:-1, max-image-preview:large, max-video-preview:-1\" \/>\n<link rel=\"canonical\" href=\"https:\/\/pulsationpens.pl\/pl\/sklep\/bioenergetyczny-amulet-przywracajacy-przeplyw-energii-tensor\/\" \/>\n<meta property=\"og:locale\" content=\"pl_PL\" \/>\n<meta property=\"og:type\" content=\"article\" \/>\n<meta property=\"og:title\" content=\"BIOENERGETYCZNY AMULET PRZYWRACAJ\u0104CY PRZEP\u0141YW ENERGII \u2013 TENSOR - Pulsation Pens\" \/>\n<meta property=\"og:description\" content=\"Bioenergetyczny Amulet wykonany z pier\u015bcienia Tensorowego\u00a0z nano-miedzi, kt\u00f3ra zawiera w sobie informacj\u0119\/energi\u0119 naturalnych soli mineralnych, dzikich zi\u00f3\u0142, ormusu i gans\u00f3w. Pier\u015bcie\u0144 Tensorowy tworzy cewk\u0119 o zamkni\u0119tej energii, stanowi\u0105c jedno z najbardziej wydajnych \u017ar\u00f3de\u0142 co sprawia, \u017ce pomagaj\u0105 przywr\u00f3ci\u0107 swobodny, naturalny przep\u0142yw energii w ciele oraz dzia\u0142aj\u0105 jako inicjatory (przyspieszacze) intencji cz\u0142owieka wyra\u017canej za pomoc\u0105 energii my\u015bli i odczu\u0107.\" \/>\n<meta property=\"og:url\" content=\"https:\/\/pulsationpens.pl\/pl\/sklep\/bioenergetyczny-amulet-przywracajacy-przeplyw-energii-tensor\/\" \/>\n<meta property=\"og:site_name\" content=\"Pulsation Pens\" \/>\n<meta property=\"article:publisher\" content=\"https:\/\/www.facebook.com\/balsamlasu\" \/>\n<meta property=\"article:modified_time\" content=\"2023-05-09T09:00:11+00:00\" \/>\n<meta property=\"og:image\" content=\"https:\/\/pulsationpens.pl\/wp-content\/uploads\/2021\/12\/TENSOR1.jpg\" \/>\n\t<meta property=\"og:image:width\" content=\"816\" \/>\n\t<meta property=\"og:image:height\" content=\"623\" \/>\n\t<meta property=\"og:image:type\" content=\"image\/jpeg\" \/>\n<meta name=\"twitter:card\" content=\"summary_large_image\" \/>\n<meta name=\"twitter:label1\" content=\"Szacowany czas czytania\" \/>\n\t<meta name=\"twitter:data1\" content=\"1 minuta\" \/>\n<script type=\"application\/ld+json\" class=\"yoast-schema-graph\">{\"@context\":\"https:\/\/schema.org\",\"@graph\":[{\"@type\":\"WebPage\",\"@id\":\"https:\/\/pulsationpens.pl\/sklep\/bioenergetyczny-amulet-przywracajacy-przeplyw-energii-tensor\/\",\"url\":\"https:\/\/pulsationpens.pl\/sklep\/bioenergetyczny-amulet-przywracajacy-przeplyw-energii-tensor\/\",\"name\":\"BIOENERGETYCZNY AMULET PRZYWRACAJ\u0104CY PRZEP\u0141YW ENERGII \u2013 TENSOR - Pulsation Pens\",\"isPartOf\":{\"@id\":\"https:\/\/pulsationpens.pl\/#website\"},\"datePublished\":\"2021-12-16T18:20:07+00:00\",\"dateModified\":\"2023-05-09T09:00:11+00:00\",\"breadcrumb\":{\"@id\":\"https:\/\/pulsationpens.pl\/sklep\/bioenergetyczny-amulet-przywracajacy-przeplyw-energii-tensor\/#breadcrumb\"},\"inLanguage\":\"pl-PL\",\"potentialAction\":[{\"@type\":\"ReadAction\",\"target\":[\"https:\/\/pulsationpens.pl\/sklep\/bioenergetyczny-amulet-przywracajacy-przeplyw-energii-tensor\/\"]}]},{\"@type\":\"BreadcrumbList\",\"@id\":\"https:\/\/pulsationpens.pl\/sklep\/bioenergetyczny-amulet-przywracajacy-przeplyw-energii-tensor\/#breadcrumb\",\"itemListElement\":[{\"@type\":\"ListItem\",\"position\":1,\"name\":\"Strona g\u0142\u00f3wna\",\"item\":\"https:\/\/pulsationpens.pl\/\"},{\"@type\":\"ListItem\",\"position\":2,\"name\":\"Shop\",\"item\":\"https:\/\/pulsationpens.pl\/shop\/\"},{\"@type\":\"ListItem\",\"position\":3,\"name\":\"BIOENERGETYCZNY AMULET PRZYWRACAJ\u0104CY PRZEP\u0141YW ENERGII \u2013 TENSOR\"}]},{\"@type\":\"WebSite\",\"@id\":\"https:\/\/pulsationpens.pl\/#website\",\"url\":\"https:\/\/pulsationpens.pl\/\",\"name\":\"Pulsation Pens\",\"description\":\"Bioenergetic Devices - Crystal Wands and Amulets\",\"publisher\":{\"@id\":\"https:\/\/pulsationpens.pl\/#organization\"},\"potentialAction\":[{\"@type\":\"SearchAction\",\"target\":{\"@type\":\"EntryPoint\",\"urlTemplate\":\"https:\/\/pulsationpens.pl\/?s={search_term_string}\"},\"query-input\":\"required name=search_term_string\"}],\"inLanguage\":\"pl-PL\"},{\"@type\":\"Organization\",\"@id\":\"https:\/\/pulsationpens.pl\/#organization\",\"name\":\"Pulsation Pens\",\"url\":\"https:\/\/pulsationpens.pl\/\",\"logo\":{\"@type\":\"ImageObject\",\"inLanguage\":\"pl-PL\",\"@id\":\"https:\/\/pulsationpens.pl\/#\/schema\/logo\/image\/\",\"url\":\"https:\/\/pulsationpens.pl\/wp-content\/uploads\/2024\/01\/PULSATION-LOGO-CIRCLE.png\",\"contentUrl\":\"https:\/\/pulsationpens.pl\/wp-content\/uploads\/2024\/01\/PULSATION-LOGO-CIRCLE.png\",\"width\":\"1024\",\"height\":\"1024\",\"caption\":\"Pulsation Pens\"},\"image\":{\"@id\":\"https:\/\/pulsationpens.pl\/#\/schema\/logo\/image\/\"},\"sameAs\":[\"https:\/\/www.facebook.com\/balsamlasu\",\"https:\/\/www.instagram.com\/pulsationpens.pl\/\"]}]}<\/script>\n<!-- \/ Yoast SEO plugin. -->","yoast_head_json":{"title":"BIOENERGETYCZNY AMULET PRZYWRACAJ\u0104CY PRZEP\u0141YW ENERGII \u2013 TENSOR - Pulsation Pens","robots":{"index":"index","follow":"follow","max-snippet":"max-snippet:-1","max-image-preview":"max-image-preview:large","max-video-preview":"max-video-preview:-1"},"canonical":"https:\/\/pulsationpens.pl\/pl\/sklep\/bioenergetyczny-amulet-przywracajacy-przeplyw-energii-tensor\/","og_locale":"pl_PL","og_type":"article","og_title":"BIOENERGETYCZNY AMULET PRZYWRACAJ\u0104CY PRZEP\u0141YW ENERGII \u2013 TENSOR - Pulsation Pens","og_description":"Bioenergetyczny Amulet wykonany z pier\u015bcienia Tensorowego\u00a0z nano-miedzi, kt\u00f3ra zawiera w sobie informacj\u0119\/energi\u0119 naturalnych soli mineralnych, dzikich zi\u00f3\u0142, ormusu i gans\u00f3w. Pier\u015bcie\u0144 Tensorowy tworzy cewk\u0119 o zamkni\u0119tej energii, stanowi\u0105c jedno z najbardziej wydajnych \u017ar\u00f3de\u0142 co sprawia, \u017ce pomagaj\u0105 przywr\u00f3ci\u0107 swobodny, naturalny przep\u0142yw energii w ciele oraz dzia\u0142aj\u0105 jako inicjatory (przyspieszacze) intencji cz\u0142owieka wyra\u017canej za pomoc\u0105 energii my\u015bli i odczu\u0107.","og_url":"https:\/\/pulsationpens.pl\/pl\/sklep\/bioenergetyczny-amulet-przywracajacy-przeplyw-energii-tensor\/","og_site_name":"Pulsation Pens","article_publisher":"https:\/\/www.facebook.com\/balsamlasu","article_modified_time":"2023-05-09T09:00:11+00:00","og_image":[{"width":816,"height":623,"url":"https:\/\/pulsationpens.pl\/wp-content\/uploads\/2021\/12\/TENSOR1.jpg","type":"image\/jpeg"}],"twitter_card":"summary_large_image","twitter_misc":{"Szacowany czas czytania":"1 minuta"},"schema":{"@context":"https:\/\/schema.org","@graph":[{"@type":"WebPage","@id":"https:\/\/pulsationpens.pl\/sklep\/bioenergetyczny-amulet-przywracajacy-przeplyw-energii-tensor\/","url":"https:\/\/pulsationpens.pl\/sklep\/bioenergetyczny-amulet-przywracajacy-przeplyw-energii-tensor\/","name":"BIOENERGETYCZNY AMULET PRZYWRACAJ\u0104CY PRZEP\u0141YW ENERGII \u2013 TENSOR - Pulsation Pens","isPartOf":{"@id":"https:\/\/pulsationpens.pl\/#website"},"datePublished":"2021-12-16T18:20:07+00:00","dateModified":"2023-05-09T09:00:11+00:00","breadcrumb":{"@id":"https:\/\/pulsationpens.pl\/sklep\/bioenergetyczny-amulet-przywracajacy-przeplyw-energii-tensor\/#breadcrumb"},"inLanguage":"pl-PL","potentialAction":[{"@type":"ReadAction","target":["https:\/\/pulsationpens.pl\/sklep\/bioenergetyczny-amulet-przywracajacy-przeplyw-energii-tensor\/"]}]},{"@type":"BreadcrumbList","@id":"https:\/\/pulsationpens.pl\/sklep\/bioenergetyczny-amulet-przywracajacy-przeplyw-energii-tensor\/#breadcrumb","itemListElement":[{"@type":"ListItem","position":1,"name":"Strona g\u0142\u00f3wna","item":"https:\/\/pulsationpens.pl\/"},{"@type":"ListItem","position":2,"name":"Shop","item":"https:\/\/pulsationpens.pl\/shop\/"},{"@type":"ListItem","position":3,"name":"BIOENERGETYCZNY AMULET PRZYWRACAJ\u0104CY PRZEP\u0141YW ENERGII \u2013 TENSOR"}]},{"@type":"WebSite","@id":"https:\/\/pulsationpens.pl\/#website","url":"https:\/\/pulsationpens.pl\/","name":"Pulsation Pens","description":"Bioenergetic Devices - Crystal Wands and Amulets","publisher":{"@id":"https:\/\/pulsationpens.pl\/#organization"},"potentialAction":[{"@type":"SearchAction","target":{"@type":"EntryPoint","urlTemplate":"https:\/\/pulsationpens.pl\/?s={search_term_string}"},"query-input":"required name=search_term_string"}],"inLanguage":"pl-PL"},{"@type":"Organization","@id":"https:\/\/pulsationpens.pl\/#organization","name":"Pulsation Pens","url":"https:\/\/pulsationpens.pl\/","logo":{"@type":"ImageObject","inLanguage":"pl-PL","@id":"https:\/\/pulsationpens.pl\/#\/schema\/logo\/image\/","url":"https:\/\/pulsationpens.pl\/wp-content\/uploads\/2024\/01\/PULSATION-LOGO-CIRCLE.png","contentUrl":"https:\/\/pulsationpens.pl\/wp-content\/uploads\/2024\/01\/PULSATION-LOGO-CIRCLE.png","width":"1024","height":"1024","caption":"Pulsation Pens"},"image":{"@id":"https:\/\/pulsationpens.pl\/#\/schema\/logo\/image\/"},"sameAs":["https:\/\/www.facebook.com\/balsamlasu","https:\/\/www.instagram.com\/pulsationpens.pl\/"]}]}},"_links":{"self":[{"href":"https:\/\/pulsationpens.pl\/pl\/wp-json\/wp\/v2\/product\/6168"}],"collection":[{"href":"https:\/\/pulsationpens.pl\/pl\/wp-json\/wp\/v2\/product"}],"about":[{"href":"https:\/\/pulsationpens.pl\/pl\/wp-json\/wp\/v2\/types\/product"}],"replies":[{"embeddable":true,"href":"https:\/\/pulsationpens.pl\/pl\/wp-json\/wp\/v2\/comments?post=6168"}],"version-history":[{"count":0,"href":"https:\/\/pulsationpens.pl\/pl\/wp-json\/wp\/v2\/product\/6168\/revisions"}],"wp:featuredmedia":[{"embeddable":true,"href":"https:\/\/pulsationpens.pl\/pl\/wp-json\/wp\/v2\/media\/6151"}],"wp:attachment":[{"href":"https:\/\/pulsationpens.pl\/pl\/wp-json\/wp\/v2\/media?parent=6168"}],"wp:term":[{"taxonomy":"product_cat","embeddable":true,"href":"https:\/\/pulsationpens.pl\/pl\/wp-json\/wp\/v2\/product_cat?post=6168"},{"taxonomy":"product_tag","embeddable":true,"href":"https:\/\/pulsationpens.pl\/pl\/wp-json\/wp\/v2\/product_tag?post=6168"}],"curies":[{"name":"wp","href":"https:\/\/api.w.org\/{rel}","templated":true}]}}