{"id":10500,"date":"2024-09-10T12:20:32","date_gmt":"2024-09-10T10:20:32","guid":{"rendered":"https:\/\/pulsationpens.pl\/?post_type=product&#038;p=10500"},"modified":"2024-09-12T08:37:12","modified_gmt":"2024-09-12T06:37:12","slug":"pulsation-pens-amethyst-plasma-wand","status":"publish","type":"product","link":"https:\/\/pulsationpens.pl\/pl\/sklep\/pulsation-pens-amethyst-plasma-wand\/","title":{"rendered":"Pulsation Pens \u2013 Amethyst Plasma Wand"},"content":{"rendered":"<div id=\"tab-description\" class=\"woocommerce-Tabs-panel woocommerce-Tabs-panel--description panel entry-content wc-tab\" role=\"tabpanel\" aria-labelledby=\"tab-title-description\">\n<p><strong>Pulsation Pen<\/strong>\u00a0- zastosowanie:<br \/>\n-S\u0142u\u017cy do bezkontaktowej i kontaktowej stymulacji energetycznej,<br \/>\n- do zmniejszania b\u00f3lu i pobudzania przep\u0142ywu energii w organizmie, co aktywuj\u0119 i u\u0142atwia procesy samoleczenia i regeneracji organizmu,<br \/>\n- polecany do stymulacji punkt\u00f3w refleksologicznych na d\u0142oniach i stopach,<br \/>\n- do pobudzania meridian\u00f3w, czakr oraz do u\u015bnierzania dolegliwo\u015bci b\u00f3lowych.<br \/>\n\u2013 strengthens and accelerates the manifestation of thoughts and intentions.<\/p>\n<p><strong>Natural, Raw Amethyst <\/strong>is surrounded by a spiral Tesla coil that which strengthens the effect of the mineral, which translates into an immediate, physically felt, healing effect. Its harmonizing effect works both on the environment and the user, generating a subtle energetic pulse around it.It brings you into a natural state of meditation and relaxation as well as removes the negative impact of electro-smog, wi-fi, electrical devices, in your space.<\/p>\n<\/div>","protected":false},"excerpt":{"rendered":"<div class=\"woocommerce-product-details__short-description\">\n<p><strong>Pulsation Pen<\/strong>\u00a0to urz\u0105dzenie bioenergetyczne do stymulacji energetycznej. Wykonane jest z nano-miedzi \u2013 warstwy pokrytej miedzi\u0105, kt\u00f3ra zawiera energi\u0119\/informacj\u0119 naturalnych soli mineralnych, dzikich zi\u00f3\u0142, ormusu i gansu (gazu w stanie nano). U podstawy r\u00f3\u017cd\u017cki znajduj\u0119 si\u0119<strong> raw natural Amethyst.<br \/>\n<\/strong><\/p>\n<p><strong>Pulsation Pen<\/strong>\u00a0- zastosowanie:<br \/>\n-S\u0142u\u017cy do bezkontaktowej i kontaktowej stymulacji energetycznej,<br \/>\n- do zmniejszania b\u00f3lu i pobudzania przep\u0142ywu energii w organizmie, co aktywuj\u0119 i u\u0142atwia procesy samoleczenia i regeneracji organizmu,<br \/>\n- polecany do stymulacji punkt\u00f3w refleksologicznych na d\u0142oniach i stopach,<br \/>\n- do pobudzania meridian\u00f3w, czakr oraz do u\u015bnierzania dolegliwo\u015bci b\u00f3lowych.<br \/>\n\u2013 strengthens and accelerates the manifestation of thoughts and intentions.<\/p>\n<p><strong>Natural, Raw Amethyst <\/strong>is surrounded by a spiral Tesla coil that which strengthens the effect of the mineral, which translates into an immediate, physically felt, healing effect. Its harmonizing effect works both on the environment and the user, generating a subtle energetic pulse around it.It brings you into a natural state of meditation and relaxation as well as removes the negative impact of electro-smog, wi-fi, electrical devices, in your space.<\/p>\n<\/div>","protected":false},"featured_media":10509,"comment_status":"open","ping_status":"closed","template":"","meta":{"site-sidebar-layout":"default","site-content-layout":"default","ast-global-header-display":"","ast-banner-title-visibility":"","ast-main-header-display":"","ast-hfb-above-header-display":"","ast-hfb-below-header-display":"","ast-hfb-mobile-header-display":"","site-post-title":"","ast-breadcrumbs-content":"","ast-featured-img":"","footer-sml-layout":"","theme-transparent-header-meta":"default","adv-header-id-meta":"","stick-header-meta":"","header-above-stick-meta":"","header-main-stick-meta":"","header-below-stick-meta":"","_vp_format_video_url":"","_vp_image_focal_point":[]},"product_cat":[108,47],"product_tag":[],"yoast_head":"<!-- This site is optimized with the Yoast SEO plugin v20.9 - https:\/\/yoast.com\/wordpress\/plugins\/seo\/ -->\n<title>Pulsation Pens \u2013 Amethyst Plasma Wand - Pulsation Pens<\/title>\n<meta name=\"robots\" content=\"index, follow, max-snippet:-1, max-image-preview:large, max-video-preview:-1\" \/>\n<link rel=\"canonical\" href=\"https:\/\/pulsationpens.pl\/pl\/sklep\/pulsation-pens-amethyst-plasma-wand\/\" \/>\n<meta property=\"og:locale\" content=\"pl_PL\" \/>\n<meta property=\"og:type\" content=\"article\" \/>\n<meta property=\"og:title\" content=\"Pulsation Pens \u2013 Amethyst Plasma Wand - Pulsation Pens\" \/>\n<meta property=\"og:description\" content=\"Pulsation Pen\u00a0is a bioenergetic device for directing energy and healing. It is made of nano-copper \u2013 cooper covered a layer that contains information and energy imprints of natural mineral salts, wild herbs, ormus and Gans (gas at nano state). The base of the Pulsation Pen is rooted with a raw natural Amethyst.   Pulsation Pen\u00a0is a great healing modality ideal for: \u2013 precise non-contact and contact energy stimulation \u2013 reducing pain and stimulating the flow of energy in the body, which activates and facilitates the self-healing and regeneration processes in the body. \u2013 stimulating reflexology points on the hands and feet, meridians, chakras and relieving pain. \u2013 harmonizing, cleansing and strengthening energy centers and supporting overall health and harmony in our own body. \u2013 strengthens and accelerates the manifestation of thoughts and intentions.  Natural, Raw Amethyst is surrounded by a spiral Tesla coil that which strengthens the effect of the mineral, which translates into an immediate, physically felt, healing effect. Its harmonizing effect works both on the environment and the user, generating a subtle energetic pulse around it.It brings you into a natural state of meditation and relaxation as well as removes the negative impact of electro-smog, wi-fi, electrical devices, in your space.\" \/>\n<meta property=\"og:url\" content=\"https:\/\/pulsationpens.pl\/pl\/sklep\/pulsation-pens-amethyst-plasma-wand\/\" \/>\n<meta property=\"og:site_name\" content=\"Pulsation Pens\" \/>\n<meta property=\"article:publisher\" content=\"https:\/\/www.facebook.com\/balsamlasu\" \/>\n<meta property=\"article:modified_time\" content=\"2024-09-12T06:37:12+00:00\" \/>\n<meta property=\"og:image\" content=\"https:\/\/pulsationpens.pl\/wp-content\/uploads\/2024\/09\/9.jpg\" \/>\n\t<meta property=\"og:image:width\" content=\"966\" \/>\n\t<meta property=\"og:image:height\" content=\"888\" \/>\n\t<meta property=\"og:image:type\" content=\"image\/jpeg\" \/>\n<meta name=\"twitter:card\" content=\"summary_large_image\" \/>\n<meta name=\"twitter:label1\" content=\"Szacowany czas czytania\" \/>\n\t<meta name=\"twitter:data1\" content=\"1 minuta\" \/>\n<script type=\"application\/ld+json\" class=\"yoast-schema-graph\">{\"@context\":\"https:\/\/schema.org\",\"@graph\":[{\"@type\":\"WebPage\",\"@id\":\"https:\/\/pulsationpens.pl\/sklep\/pulsation-pens-amethyst-plasma-wand\/\",\"url\":\"https:\/\/pulsationpens.pl\/sklep\/pulsation-pens-amethyst-plasma-wand\/\",\"name\":\"Pulsation Pens \u2013 Amethyst Plasma Wand - Pulsation Pens\",\"isPartOf\":{\"@id\":\"https:\/\/pulsationpens.pl\/#website\"},\"datePublished\":\"2024-09-10T10:20:32+00:00\",\"dateModified\":\"2024-09-12T06:37:12+00:00\",\"breadcrumb\":{\"@id\":\"https:\/\/pulsationpens.pl\/sklep\/pulsation-pens-amethyst-plasma-wand\/#breadcrumb\"},\"inLanguage\":\"pl-PL\",\"potentialAction\":[{\"@type\":\"ReadAction\",\"target\":[\"https:\/\/pulsationpens.pl\/sklep\/pulsation-pens-amethyst-plasma-wand\/\"]}]},{\"@type\":\"BreadcrumbList\",\"@id\":\"https:\/\/pulsationpens.pl\/sklep\/pulsation-pens-amethyst-plasma-wand\/#breadcrumb\",\"itemListElement\":[{\"@type\":\"ListItem\",\"position\":1,\"name\":\"Strona g\u0142\u00f3wna\",\"item\":\"https:\/\/pulsationpens.pl\/\"},{\"@type\":\"ListItem\",\"position\":2,\"name\":\"Shop\",\"item\":\"https:\/\/pulsationpens.pl\/shop\/\"},{\"@type\":\"ListItem\",\"position\":3,\"name\":\"Pulsation Pens \u2013 Amethyst Plasma Wand\"}]},{\"@type\":\"WebSite\",\"@id\":\"https:\/\/pulsationpens.pl\/#website\",\"url\":\"https:\/\/pulsationpens.pl\/\",\"name\":\"Pulsation Pens\",\"description\":\"Bioenergetic Devices - Crystal Wands and Amulets\",\"publisher\":{\"@id\":\"https:\/\/pulsationpens.pl\/#organization\"},\"potentialAction\":[{\"@type\":\"SearchAction\",\"target\":{\"@type\":\"EntryPoint\",\"urlTemplate\":\"https:\/\/pulsationpens.pl\/?s={search_term_string}\"},\"query-input\":\"required name=search_term_string\"}],\"inLanguage\":\"pl-PL\"},{\"@type\":\"Organization\",\"@id\":\"https:\/\/pulsationpens.pl\/#organization\",\"name\":\"Pulsation Pens\",\"url\":\"https:\/\/pulsationpens.pl\/\",\"logo\":{\"@type\":\"ImageObject\",\"inLanguage\":\"pl-PL\",\"@id\":\"https:\/\/pulsationpens.pl\/#\/schema\/logo\/image\/\",\"url\":\"https:\/\/pulsationpens.pl\/wp-content\/uploads\/2024\/01\/PULSATION-LOGO-CIRCLE.png\",\"contentUrl\":\"https:\/\/pulsationpens.pl\/wp-content\/uploads\/2024\/01\/PULSATION-LOGO-CIRCLE.png\",\"width\":\"1024\",\"height\":\"1024\",\"caption\":\"Pulsation Pens\"},\"image\":{\"@id\":\"https:\/\/pulsationpens.pl\/#\/schema\/logo\/image\/\"},\"sameAs\":[\"https:\/\/www.facebook.com\/balsamlasu\",\"https:\/\/www.instagram.com\/pulsationpens.pl\/\"]}]}<\/script>\n<!-- \/ Yoast SEO plugin. -->","yoast_head_json":{"title":"Pulsation Pens \u2013 Amethyst Plasma Wand - Pulsation Pens","robots":{"index":"index","follow":"follow","max-snippet":"max-snippet:-1","max-image-preview":"max-image-preview:large","max-video-preview":"max-video-preview:-1"},"canonical":"https:\/\/pulsationpens.pl\/pl\/sklep\/pulsation-pens-amethyst-plasma-wand\/","og_locale":"pl_PL","og_type":"article","og_title":"Pulsation Pens \u2013 Amethyst Plasma Wand - Pulsation Pens","og_description":"Pulsation Pen\u00a0is a bioenergetic device for directing energy and healing. It is made of nano-copper \u2013 cooper covered a layer that contains information and energy imprints of natural mineral salts, wild herbs, ormus and Gans (gas at nano state). The base of the Pulsation Pen is rooted with a raw natural Amethyst.   Pulsation Pen\u00a0is a great healing modality ideal for: \u2013 precise non-contact and contact energy stimulation \u2013 reducing pain and stimulating the flow of energy in the body, which activates and facilitates the self-healing and regeneration processes in the body. \u2013 stimulating reflexology points on the hands and feet, meridians, chakras and relieving pain. \u2013 harmonizing, cleansing and strengthening energy centers and supporting overall health and harmony in our own body. \u2013 strengthens and accelerates the manifestation of thoughts and intentions.  Natural, Raw Amethyst is surrounded by a spiral Tesla coil that which strengthens the effect of the mineral, which translates into an immediate, physically felt, healing effect. Its harmonizing effect works both on the environment and the user, generating a subtle energetic pulse around it.It brings you into a natural state of meditation and relaxation as well as removes the negative impact of electro-smog, wi-fi, electrical devices, in your space.","og_url":"https:\/\/pulsationpens.pl\/pl\/sklep\/pulsation-pens-amethyst-plasma-wand\/","og_site_name":"Pulsation Pens","article_publisher":"https:\/\/www.facebook.com\/balsamlasu","article_modified_time":"2024-09-12T06:37:12+00:00","og_image":[{"width":966,"height":888,"url":"https:\/\/pulsationpens.pl\/wp-content\/uploads\/2024\/09\/9.jpg","type":"image\/jpeg"}],"twitter_card":"summary_large_image","twitter_misc":{"Szacowany czas czytania":"1 minuta"},"schema":{"@context":"https:\/\/schema.org","@graph":[{"@type":"WebPage","@id":"https:\/\/pulsationpens.pl\/sklep\/pulsation-pens-amethyst-plasma-wand\/","url":"https:\/\/pulsationpens.pl\/sklep\/pulsation-pens-amethyst-plasma-wand\/","name":"Pulsation Pens \u2013 Amethyst Plasma Wand - Pulsation Pens","isPartOf":{"@id":"https:\/\/pulsationpens.pl\/#website"},"datePublished":"2024-09-10T10:20:32+00:00","dateModified":"2024-09-12T06:37:12+00:00","breadcrumb":{"@id":"https:\/\/pulsationpens.pl\/sklep\/pulsation-pens-amethyst-plasma-wand\/#breadcrumb"},"inLanguage":"pl-PL","potentialAction":[{"@type":"ReadAction","target":["https:\/\/pulsationpens.pl\/sklep\/pulsation-pens-amethyst-plasma-wand\/"]}]},{"@type":"BreadcrumbList","@id":"https:\/\/pulsationpens.pl\/sklep\/pulsation-pens-amethyst-plasma-wand\/#breadcrumb","itemListElement":[{"@type":"ListItem","position":1,"name":"Strona g\u0142\u00f3wna","item":"https:\/\/pulsationpens.pl\/"},{"@type":"ListItem","position":2,"name":"Shop","item":"https:\/\/pulsationpens.pl\/shop\/"},{"@type":"ListItem","position":3,"name":"Pulsation Pens \u2013 Amethyst Plasma Wand"}]},{"@type":"WebSite","@id":"https:\/\/pulsationpens.pl\/#website","url":"https:\/\/pulsationpens.pl\/","name":"Pulsation Pens","description":"Bioenergetic Devices - Crystal Wands and Amulets","publisher":{"@id":"https:\/\/pulsationpens.pl\/#organization"},"potentialAction":[{"@type":"SearchAction","target":{"@type":"EntryPoint","urlTemplate":"https:\/\/pulsationpens.pl\/?s={search_term_string}"},"query-input":"required name=search_term_string"}],"inLanguage":"pl-PL"},{"@type":"Organization","@id":"https:\/\/pulsationpens.pl\/#organization","name":"Pulsation Pens","url":"https:\/\/pulsationpens.pl\/","logo":{"@type":"ImageObject","inLanguage":"pl-PL","@id":"https:\/\/pulsationpens.pl\/#\/schema\/logo\/image\/","url":"https:\/\/pulsationpens.pl\/wp-content\/uploads\/2024\/01\/PULSATION-LOGO-CIRCLE.png","contentUrl":"https:\/\/pulsationpens.pl\/wp-content\/uploads\/2024\/01\/PULSATION-LOGO-CIRCLE.png","width":"1024","height":"1024","caption":"Pulsation Pens"},"image":{"@id":"https:\/\/pulsationpens.pl\/#\/schema\/logo\/image\/"},"sameAs":["https:\/\/www.facebook.com\/balsamlasu","https:\/\/www.instagram.com\/pulsationpens.pl\/"]}]}},"_links":{"self":[{"href":"https:\/\/pulsationpens.pl\/pl\/wp-json\/wp\/v2\/product\/10500"}],"collection":[{"href":"https:\/\/pulsationpens.pl\/pl\/wp-json\/wp\/v2\/product"}],"about":[{"href":"https:\/\/pulsationpens.pl\/pl\/wp-json\/wp\/v2\/types\/product"}],"replies":[{"embeddable":true,"href":"https:\/\/pulsationpens.pl\/pl\/wp-json\/wp\/v2\/comments?post=10500"}],"version-history":[{"count":2,"href":"https:\/\/pulsationpens.pl\/pl\/wp-json\/wp\/v2\/product\/10500\/revisions"}],"predecessor-version":[{"id":10520,"href":"https:\/\/pulsationpens.pl\/pl\/wp-json\/wp\/v2\/product\/10500\/revisions\/10520"}],"wp:featuredmedia":[{"embeddable":true,"href":"https:\/\/pulsationpens.pl\/pl\/wp-json\/wp\/v2\/media\/10509"}],"wp:attachment":[{"href":"https:\/\/pulsationpens.pl\/pl\/wp-json\/wp\/v2\/media?parent=10500"}],"wp:term":[{"taxonomy":"product_cat","embeddable":true,"href":"https:\/\/pulsationpens.pl\/pl\/wp-json\/wp\/v2\/product_cat?post=10500"},{"taxonomy":"product_tag","embeddable":true,"href":"https:\/\/pulsationpens.pl\/pl\/wp-json\/wp\/v2\/product_tag?post=10500"}],"curies":[{"name":"wp","href":"https:\/\/api.w.org\/{rel}","templated":true}]}}