{"id":10464,"date":"2024-04-25T07:28:57","date_gmt":"2024-04-25T05:28:57","guid":{"rendered":"https:\/\/pulsationpens.pl\/?post_type=product&#038;p=10464"},"modified":"2025-02-19T13:48:18","modified_gmt":"2025-02-19T12:48:18","slug":"pulsation-pens-gans-co2-zno-wand-dry","status":"publish","type":"product","link":"https:\/\/pulsationpens.pl\/pl\/sklep\/pulsation-pens-gans-co2-zno-wand-dry\/","title":{"rendered":"Bioenergetic Amulet with Gans CO2\/ZnO"},"content":{"rendered":"<p><strong>Amulet with Gans CO2\/ZnO\u00a0<\/strong> is ideal for non-contact and contact energy stimulation, for reducing pain and stimulating the flow of energy in the body, which activates and facilitates the self-healing and regeneration processes in the body. Recommended for stimulating reflexology points on the hands and feet, meridians, chakras and relieving pain.<\/p>\n<p><strong>Amulet with Gans CO2\/ZnO\u00a0<\/strong> Kryszta\u0142 otoczony jest spiraln\u0105 miedzian\u0105 cewk\u0105, kt\u00f3ra wzmacnia dzia\u0142anie minera\u0142u, co przek\u0142ada si\u0119 na natychmiastowy, fizycznie odczuwalny efekt leczniczy. Harmonizuj\u0105cy efekt Urz\u0105dzenia dzia\u0142a zar\u00f3wno na otoczenie  jak i na u\u017cytkownika, generuj\u0105c wok\u00f3\u0142 siebie pole bioenergetyczne. Wprowadza w naturalny stan medytacji i relaksu oraz usuwa negatywny wp\u0142yw elektrosmogu, wi-fi i urz\u0105dze\u0144 elektrycznych w Twojej przestrzeni. Polecany do noszenia na wysoko\u015bci serca.<br \/>\nYou can wear Crystalquartz Amulet on heart and feel that your energy harmonizes and getting stronger, \u00a0strengthens and accelerates the manifestation of thoughts and intentions.<\/p>\n<p><b>Vial with dry Gans Co2\/ZnO <\/b>is surrounded by a spiral nano-copper coil that which strengthens the effect of the GANS, which translates into an immediate, physically felt, healing effect. Its harmonizing effect works both on the environment and the user, generating a subtle energetic pulse around it.It brings you into a natural state of meditation and relaxation as well as removes the negative impact of electro-smog, wi-fi, electrical devices, in your space.<\/p>","protected":false},"excerpt":{"rendered":"<p><strong>Amulet with Gans CO2\/ZnO<\/strong> is a bioenergetic device for\u00a0 healing. It is made of nano-copper \u2013 cooper covered a layer that contains information and energy imprints of natural mineral salts, wild herbs, ormus and Gans (gas at nano state). The base of the Amulet is rooted with a vial with <strong>GANS CO2\/ZnO.<\/strong><\/p>\n<p><strong>GaNS CO2\/ZnO<\/strong> is a type of carbon mixed with zinc, is really important for our bodies. It helps our nervous system works better and can make us feel better emotionally. It supports the nervous system, affects the emotional field, restores the nervous system balance.<br \/>\nThe magnetic force of <strong>GaNS CO2\/ZnO<\/strong> destroys viruses, their magnetic field, removes heavy metals from the body, including radioactive isotopes, it can be used for disinfection and removal of radioactive contamination. GaNS contains pure information from a source at high spiritual levels.<br \/>\n<strong>The magnetic and gravitational fields of GANS CO2\/ZnO<\/strong>\u00a0 interact with human emotional fields and therefore can be used to enhance and balance human emotional needs.<\/p>","protected":false},"featured_media":10426,"comment_status":"open","ping_status":"closed","template":"","meta":{"site-sidebar-layout":"default","site-content-layout":"default","ast-global-header-display":"","ast-banner-title-visibility":"","ast-main-header-display":"","ast-hfb-above-header-display":"","ast-hfb-below-header-display":"","ast-hfb-mobile-header-display":"","site-post-title":"","ast-breadcrumbs-content":"","ast-featured-img":"","footer-sml-layout":"","theme-transparent-header-meta":"default","adv-header-id-meta":"","stick-header-meta":"","header-above-stick-meta":"","header-main-stick-meta":"","header-below-stick-meta":"","_vp_format_video_url":"","_vp_image_focal_point":[]},"product_cat":[49,112],"product_tag":[],"yoast_head":"<!-- This site is optimized with the Yoast SEO plugin v20.9 - https:\/\/yoast.com\/wordpress\/plugins\/seo\/ -->\n<title>Bioenergetic Amulet with Gans CO2\/ZnO - Pulsation Pens<\/title>\n<meta name=\"robots\" content=\"index, follow, max-snippet:-1, max-image-preview:large, max-video-preview:-1\" \/>\n<link rel=\"canonical\" href=\"https:\/\/pulsationpens.pl\/pl\/sklep\/pulsation-pens-gans-co2-zno-wand-dry\/\" \/>\n<meta property=\"og:locale\" content=\"pl_PL\" \/>\n<meta property=\"og:type\" content=\"article\" \/>\n<meta property=\"og:title\" content=\"Bioenergetic Amulet with Gans CO2\/ZnO - Pulsation Pens\" \/>\n<meta property=\"og:description\" content=\"Amulet with Gans CO2\/ZnO is a bioenergetic device for\u00a0 healing. It is made of nano-copper \u2013 cooper covered a layer that contains information and energy imprints of natural mineral salts, wild herbs, ormus and Gans (gas at nano state). The base of the Amulet is rooted with a vial with GANS CO2\/ZnO.  GaNS CO2\/ZnO is a type of carbon mixed with zinc, is really important for our bodies. It helps our nervous system works better and can make us feel better emotionally. It supports the nervous system, affects the emotional field, restores the nervous system balance. The magnetic force of GaNS CO2\/ZnO destroys viruses, their magnetic field, removes heavy metals from the body, including radioactive isotopes, it can be used for disinfection and removal of radioactive contamination. GaNS contains pure information from a source at high spiritual levels. The magnetic and gravitational fields of GANS CO2\/ZnO\u00a0 interact with human emotional fields and therefore can be used to enhance and balance human emotional needs.\" \/>\n<meta property=\"og:url\" content=\"https:\/\/pulsationpens.pl\/pl\/sklep\/pulsation-pens-gans-co2-zno-wand-dry\/\" \/>\n<meta property=\"og:site_name\" content=\"Pulsation Pens\" \/>\n<meta property=\"article:publisher\" content=\"https:\/\/www.facebook.com\/balsamlasu\" \/>\n<meta property=\"article:modified_time\" content=\"2025-02-19T12:48:18+00:00\" \/>\n<meta property=\"og:image\" content=\"https:\/\/pulsationpens.pl\/wp-content\/uploads\/2024\/04\/amulet2.jpg\" \/>\n\t<meta property=\"og:image:width\" content=\"610\" \/>\n\t<meta property=\"og:image:height\" content=\"759\" \/>\n\t<meta property=\"og:image:type\" content=\"image\/jpeg\" \/>\n<meta name=\"twitter:card\" content=\"summary_large_image\" \/>\n<meta name=\"twitter:label1\" content=\"Szacowany czas czytania\" \/>\n\t<meta name=\"twitter:data1\" content=\"1 minuta\" \/>\n<script type=\"application\/ld+json\" class=\"yoast-schema-graph\">{\"@context\":\"https:\/\/schema.org\",\"@graph\":[{\"@type\":\"WebPage\",\"@id\":\"https:\/\/pulsationpens.pl\/sklep\/pulsation-pens-gans-co2-zno-wand-dry\/\",\"url\":\"https:\/\/pulsationpens.pl\/sklep\/pulsation-pens-gans-co2-zno-wand-dry\/\",\"name\":\"Bioenergetic Amulet with Gans CO2\/ZnO - Pulsation Pens\",\"isPartOf\":{\"@id\":\"https:\/\/pulsationpens.pl\/#website\"},\"datePublished\":\"2024-04-25T05:28:57+00:00\",\"dateModified\":\"2025-02-19T12:48:18+00:00\",\"breadcrumb\":{\"@id\":\"https:\/\/pulsationpens.pl\/sklep\/pulsation-pens-gans-co2-zno-wand-dry\/#breadcrumb\"},\"inLanguage\":\"pl-PL\",\"potentialAction\":[{\"@type\":\"ReadAction\",\"target\":[\"https:\/\/pulsationpens.pl\/sklep\/pulsation-pens-gans-co2-zno-wand-dry\/\"]}]},{\"@type\":\"BreadcrumbList\",\"@id\":\"https:\/\/pulsationpens.pl\/sklep\/pulsation-pens-gans-co2-zno-wand-dry\/#breadcrumb\",\"itemListElement\":[{\"@type\":\"ListItem\",\"position\":1,\"name\":\"Strona g\u0142\u00f3wna\",\"item\":\"https:\/\/pulsationpens.pl\/\"},{\"@type\":\"ListItem\",\"position\":2,\"name\":\"Shop\",\"item\":\"https:\/\/pulsationpens.pl\/shop\/\"},{\"@type\":\"ListItem\",\"position\":3,\"name\":\"Bioenergetic Amulet with Gans CO2\/ZnO\"}]},{\"@type\":\"WebSite\",\"@id\":\"https:\/\/pulsationpens.pl\/#website\",\"url\":\"https:\/\/pulsationpens.pl\/\",\"name\":\"Pulsation Pens\",\"description\":\"Bioenergetic Devices - Crystal Wands and Amulets\",\"publisher\":{\"@id\":\"https:\/\/pulsationpens.pl\/#organization\"},\"potentialAction\":[{\"@type\":\"SearchAction\",\"target\":{\"@type\":\"EntryPoint\",\"urlTemplate\":\"https:\/\/pulsationpens.pl\/?s={search_term_string}\"},\"query-input\":\"required name=search_term_string\"}],\"inLanguage\":\"pl-PL\"},{\"@type\":\"Organization\",\"@id\":\"https:\/\/pulsationpens.pl\/#organization\",\"name\":\"Pulsation Pens\",\"url\":\"https:\/\/pulsationpens.pl\/\",\"logo\":{\"@type\":\"ImageObject\",\"inLanguage\":\"pl-PL\",\"@id\":\"https:\/\/pulsationpens.pl\/#\/schema\/logo\/image\/\",\"url\":\"https:\/\/pulsationpens.pl\/wp-content\/uploads\/2024\/01\/PULSATION-LOGO-CIRCLE.png\",\"contentUrl\":\"https:\/\/pulsationpens.pl\/wp-content\/uploads\/2024\/01\/PULSATION-LOGO-CIRCLE.png\",\"width\":\"1024\",\"height\":\"1024\",\"caption\":\"Pulsation Pens\"},\"image\":{\"@id\":\"https:\/\/pulsationpens.pl\/#\/schema\/logo\/image\/\"},\"sameAs\":[\"https:\/\/www.facebook.com\/balsamlasu\",\"https:\/\/www.instagram.com\/pulsationpens.pl\/\"]}]}<\/script>\n<!-- \/ Yoast SEO plugin. -->","yoast_head_json":{"title":"Bioenergetic Amulet with Gans CO2\/ZnO - Pulsation Pens","robots":{"index":"index","follow":"follow","max-snippet":"max-snippet:-1","max-image-preview":"max-image-preview:large","max-video-preview":"max-video-preview:-1"},"canonical":"https:\/\/pulsationpens.pl\/pl\/sklep\/pulsation-pens-gans-co2-zno-wand-dry\/","og_locale":"pl_PL","og_type":"article","og_title":"Bioenergetic Amulet with Gans CO2\/ZnO - Pulsation Pens","og_description":"Amulet with Gans CO2\/ZnO is a bioenergetic device for\u00a0 healing. It is made of nano-copper \u2013 cooper covered a layer that contains information and energy imprints of natural mineral salts, wild herbs, ormus and Gans (gas at nano state). The base of the Amulet is rooted with a vial with GANS CO2\/ZnO.  GaNS CO2\/ZnO is a type of carbon mixed with zinc, is really important for our bodies. It helps our nervous system works better and can make us feel better emotionally. It supports the nervous system, affects the emotional field, restores the nervous system balance. The magnetic force of GaNS CO2\/ZnO destroys viruses, their magnetic field, removes heavy metals from the body, including radioactive isotopes, it can be used for disinfection and removal of radioactive contamination. GaNS contains pure information from a source at high spiritual levels. The magnetic and gravitational fields of GANS CO2\/ZnO\u00a0 interact with human emotional fields and therefore can be used to enhance and balance human emotional needs.","og_url":"https:\/\/pulsationpens.pl\/pl\/sklep\/pulsation-pens-gans-co2-zno-wand-dry\/","og_site_name":"Pulsation Pens","article_publisher":"https:\/\/www.facebook.com\/balsamlasu","article_modified_time":"2025-02-19T12:48:18+00:00","og_image":[{"width":610,"height":759,"url":"https:\/\/pulsationpens.pl\/wp-content\/uploads\/2024\/04\/amulet2.jpg","type":"image\/jpeg"}],"twitter_card":"summary_large_image","twitter_misc":{"Szacowany czas czytania":"1 minuta"},"schema":{"@context":"https:\/\/schema.org","@graph":[{"@type":"WebPage","@id":"https:\/\/pulsationpens.pl\/sklep\/pulsation-pens-gans-co2-zno-wand-dry\/","url":"https:\/\/pulsationpens.pl\/sklep\/pulsation-pens-gans-co2-zno-wand-dry\/","name":"Bioenergetic Amulet with Gans CO2\/ZnO - Pulsation Pens","isPartOf":{"@id":"https:\/\/pulsationpens.pl\/#website"},"datePublished":"2024-04-25T05:28:57+00:00","dateModified":"2025-02-19T12:48:18+00:00","breadcrumb":{"@id":"https:\/\/pulsationpens.pl\/sklep\/pulsation-pens-gans-co2-zno-wand-dry\/#breadcrumb"},"inLanguage":"pl-PL","potentialAction":[{"@type":"ReadAction","target":["https:\/\/pulsationpens.pl\/sklep\/pulsation-pens-gans-co2-zno-wand-dry\/"]}]},{"@type":"BreadcrumbList","@id":"https:\/\/pulsationpens.pl\/sklep\/pulsation-pens-gans-co2-zno-wand-dry\/#breadcrumb","itemListElement":[{"@type":"ListItem","position":1,"name":"Strona g\u0142\u00f3wna","item":"https:\/\/pulsationpens.pl\/"},{"@type":"ListItem","position":2,"name":"Shop","item":"https:\/\/pulsationpens.pl\/shop\/"},{"@type":"ListItem","position":3,"name":"Bioenergetic Amulet with Gans CO2\/ZnO"}]},{"@type":"WebSite","@id":"https:\/\/pulsationpens.pl\/#website","url":"https:\/\/pulsationpens.pl\/","name":"Pulsation Pens","description":"Bioenergetic Devices - Crystal Wands and Amulets","publisher":{"@id":"https:\/\/pulsationpens.pl\/#organization"},"potentialAction":[{"@type":"SearchAction","target":{"@type":"EntryPoint","urlTemplate":"https:\/\/pulsationpens.pl\/?s={search_term_string}"},"query-input":"required name=search_term_string"}],"inLanguage":"pl-PL"},{"@type":"Organization","@id":"https:\/\/pulsationpens.pl\/#organization","name":"Pulsation Pens","url":"https:\/\/pulsationpens.pl\/","logo":{"@type":"ImageObject","inLanguage":"pl-PL","@id":"https:\/\/pulsationpens.pl\/#\/schema\/logo\/image\/","url":"https:\/\/pulsationpens.pl\/wp-content\/uploads\/2024\/01\/PULSATION-LOGO-CIRCLE.png","contentUrl":"https:\/\/pulsationpens.pl\/wp-content\/uploads\/2024\/01\/PULSATION-LOGO-CIRCLE.png","width":"1024","height":"1024","caption":"Pulsation Pens"},"image":{"@id":"https:\/\/pulsationpens.pl\/#\/schema\/logo\/image\/"},"sameAs":["https:\/\/www.facebook.com\/balsamlasu","https:\/\/www.instagram.com\/pulsationpens.pl\/"]}]}},"_links":{"self":[{"href":"https:\/\/pulsationpens.pl\/pl\/wp-json\/wp\/v2\/product\/10464"}],"collection":[{"href":"https:\/\/pulsationpens.pl\/pl\/wp-json\/wp\/v2\/product"}],"about":[{"href":"https:\/\/pulsationpens.pl\/pl\/wp-json\/wp\/v2\/types\/product"}],"replies":[{"embeddable":true,"href":"https:\/\/pulsationpens.pl\/pl\/wp-json\/wp\/v2\/comments?post=10464"}],"version-history":[{"count":2,"href":"https:\/\/pulsationpens.pl\/pl\/wp-json\/wp\/v2\/product\/10464\/revisions"}],"predecessor-version":[{"id":10467,"href":"https:\/\/pulsationpens.pl\/pl\/wp-json\/wp\/v2\/product\/10464\/revisions\/10467"}],"wp:featuredmedia":[{"embeddable":true,"href":"https:\/\/pulsationpens.pl\/pl\/wp-json\/wp\/v2\/media\/10426"}],"wp:attachment":[{"href":"https:\/\/pulsationpens.pl\/pl\/wp-json\/wp\/v2\/media?parent=10464"}],"wp:term":[{"taxonomy":"product_cat","embeddable":true,"href":"https:\/\/pulsationpens.pl\/pl\/wp-json\/wp\/v2\/product_cat?post=10464"},{"taxonomy":"product_tag","embeddable":true,"href":"https:\/\/pulsationpens.pl\/pl\/wp-json\/wp\/v2\/product_tag?post=10464"}],"curies":[{"name":"wp","href":"https:\/\/api.w.org\/{rel}","templated":true}]}}