{"id":10462,"date":"2024-04-25T07:26:29","date_gmt":"2024-04-25T05:26:29","guid":{"rendered":"https:\/\/pulsationpens.pl\/?post_type=product&#038;p=10462"},"modified":"2025-03-25T10:55:38","modified_gmt":"2025-03-25T09:55:38","slug":"pulsation-pens-gans-co2-zno-wand-2","status":"publish","type":"product","link":"https:\/\/pulsationpens.pl\/pl\/sklep\/pulsation-pens-gans-co2-zno-wand-2\/","title":{"rendered":"Gans CO2 Bioenergetic Wand &#8211; Pulsation Pen"},"content":{"rendered":"<p><strong>Pulsation Pen<\/strong>\u00a0- zastosowanie:<br \/>\n-S\u0142u\u017cy do bezkontaktowej i kontaktowej stymulacji energetycznej,<br \/>\n- do zmniejszania b\u00f3lu i pobudzania przep\u0142ywu energii w organizmie, co aktywuj\u0119 i u\u0142atwia procesy samoleczenia i regeneracji organizmu,<br \/>\n- polecany do stymulacji punkt\u00f3w refleksologicznych na d\u0142oniach i stopach,<br \/>\n- do pobudzania meridian\u00f3w, czakr oraz do u\u015bnierzania dolegliwo\u015bci b\u00f3lowych.<br \/>\n\u2013 strengthens and accelerates the manifestation of thoughts and intentions.<\/p>\n<p><b>Vial with Gans Co2\/ZnO <\/b>is surrounded by a spiral Tesla coil that which strengthens the effect of the GANS, which translates into an immediate, physically felt, healing effect. Its harmonizing effect works both on the environment and the user, generating a subtle energetic pulse around it.It brings you into a natural state of meditation and relaxation as well as removes the negative impact of electro-smog, wi-fi, electrical devices, in your space.<\/p>","protected":false},"excerpt":{"rendered":"<p><strong><span style=\"color: #222222;\"><span style=\"font-family: Times New Roman, serif;\"><span style=\"font-size: large;\"><b>Pulsation Pen<\/b><\/span><\/span><\/span><\/strong><span style=\"color: #222222;\"><span style=\"font-family: Times New Roman, serif;\"><span style=\"font-size: large;\">\u00a0is a subtle bioenergetic tool designed to support energy work. It is made of spiral nano-copper coils infused with ions of natural mineral salts, wild herbs, Ormus, and GANS (CO\u2082\/ZnO\/CuO), creating a unique fusion of nature and modern technology.<\/span><\/span><\/span><\/p>\n<p><span style=\"color: #222222;\"><span style=\"font-family: Times New Roman, serif;\"><span style=\"font-size: large;\">At its core,\u00a0<\/span><\/span><\/span><strong><span style=\"color: #222222;\"><span style=\"font-family: Times New Roman, serif;\"><span style=\"font-size: large;\">Pulsation Pen<\/span><\/span><\/span><\/strong><span style=\"color: #222222;\"><span style=\"font-family: Times New Roman, serif;\"><span style=\"font-size: large;\">\u00a0features vial with <\/span><\/span><\/span><strong><span style=\"color: #222222;\"><span style=\"font-family: Times New Roman, serif;\"><span style=\"font-size: large;\">GANS CO2\/ZnO.<\/span><\/span><\/span><\/strong><span style=\"color: #222222;\"><span style=\"font-family: Times New Roman, serif;\"><span style=\"font-size: large;\"><br \/>\n<\/span><\/span><\/span><span style=\"color: #222222;\"><span style=\"font-family: Times New Roman, serif;\"><span style=\"font-size: large;\"><b>GANS (Gas in a Nano State)<\/b><\/span><\/span><\/span><span style=\"color: #222222;\"><span style=\"font-family: Times New Roman, serif;\"><span style=\"font-size: large;\"> is a unique plasma-state material. It is created through a natural, low-energy process that transforms elements into a highly energetic and bioavailable form.<br \/>\nGANS emits subtle plasma fields that interact with the body\u2019s energy system, supporting balance, vitality, and overall well-being.<\/span><\/span><\/span><\/p>\n<p><span style=\"font-family: Times New Roman, serif;\"><span style=\"font-size: large;\"><b><span style=\"color: #222222;\">The main properties of GANS include supporting emotional balance, deep relaxation, mental clarity, emotional healing, stress relief, revitalization, and energetic cleansing. <\/span><\/b><\/span><\/span><\/p>\n<p><span style=\"font-family: Times New Roman, serif;\"><span style=\"font-size: large;\">When used in bioenergetic tools like the <\/span><\/span><em><span style=\"font-family: Times New Roman, serif;\"><span style=\"font-size: large;\"><b>Pulsation Pen<\/b><\/span><\/span><\/em><span style=\"font-family: Times New Roman, serif;\"><span style=\"font-size: large;\">, GANS enhances the natural flow of energy, encourages self-healing processes, and harmonizes both the body and the surrounding environment. It has been reported to help with pain reduction, deep meditation states, and protection against disruptive electromagnetic fields.<\/span><\/span><\/p>\n<p><span style=\"font-family: Times New Roman, serif;\"><span style=\"font-size: large;\"><b><span style=\"color: #222222;\">By integrating GANS with nano-coils and natural elements, the <\/span><em><span style=\"color: #222222;\">Pulsation Pen<\/span><\/em><span style=\"color: #222222;\"> creates a subtle yet powerful energetic influence that aligns with the user\u2019s intentions and promotes a state of holistic well-being.<\/span><\/b><\/span><\/span><\/p>","protected":false},"featured_media":10548,"comment_status":"open","ping_status":"closed","template":"","meta":{"site-sidebar-layout":"default","site-content-layout":"default","ast-global-header-display":"","ast-banner-title-visibility":"","ast-main-header-display":"","ast-hfb-above-header-display":"","ast-hfb-below-header-display":"","ast-hfb-mobile-header-display":"","site-post-title":"","ast-breadcrumbs-content":"","ast-featured-img":"","footer-sml-layout":"","theme-transparent-header-meta":"default","adv-header-id-meta":"","stick-header-meta":"","header-above-stick-meta":"","header-main-stick-meta":"","header-below-stick-meta":"","_vp_format_video_url":"","_vp_image_focal_point":[]},"product_cat":[108,47],"product_tag":[],"yoast_head":"<!-- This site is optimized with the Yoast SEO plugin v20.9 - https:\/\/yoast.com\/wordpress\/plugins\/seo\/ -->\n<title>Gans CO2 Bioenergetic Wand - Pulsation Pen - Pulsation Pens<\/title>\n<meta name=\"robots\" content=\"index, follow, max-snippet:-1, max-image-preview:large, max-video-preview:-1\" \/>\n<link rel=\"canonical\" href=\"https:\/\/pulsationpens.pl\/pl\/sklep\/pulsation-pens-gans-co2-zno-wand-2\/\" \/>\n<meta property=\"og:locale\" content=\"pl_PL\" \/>\n<meta property=\"og:type\" content=\"article\" \/>\n<meta property=\"og:title\" content=\"Gans CO2 Bioenergetic Wand - Pulsation Pen - Pulsation Pens\" \/>\n<meta property=\"og:description\" content=\"Pulsation Pen\u00a0is a subtle bioenergetic tool designed to support energy work. It is made of spiral nano-copper coils infused with ions of natural mineral salts, wild herbs, Ormus, and GANS (CO\u2082\/ZnO\/CuO), creating a unique fusion of nature and modern technology.  At its core,\u00a0Pulsation Pen\u00a0features vial with GANS CO2\/ZnO. GANS (Gas in a Nano State) is a unique plasma-state material. It is created through a natural, low-energy process that transforms elements into a highly energetic and bioavailable form. GANS emits subtle plasma fields that interact with the body\u2019s energy system, supporting balance, vitality, and overall well-being.  The main properties of GANS include supporting emotional balance, deep relaxation, mental clarity, emotional healing, stress relief, revitalization, and energetic cleansing.   When used in bioenergetic tools like the Pulsation Pen, GANS enhances the natural flow of energy, encourages self-healing processes, and harmonizes both the body and the surrounding environment. It has been reported to help with pain reduction, deep meditation states, and protection against disruptive electromagnetic fields.  By integrating GANS with nano-coils and natural elements, the Pulsation Pen creates a subtle yet powerful energetic influence that aligns with the user\u2019s intentions and promotes a state of holistic well-being.\" \/>\n<meta property=\"og:url\" content=\"https:\/\/pulsationpens.pl\/pl\/sklep\/pulsation-pens-gans-co2-zno-wand-2\/\" \/>\n<meta property=\"og:site_name\" content=\"Pulsation Pens\" \/>\n<meta property=\"article:publisher\" content=\"https:\/\/www.facebook.com\/balsamlasu\" \/>\n<meta property=\"article:modified_time\" content=\"2025-03-25T09:55:38+00:00\" \/>\n<meta property=\"og:image\" content=\"https:\/\/pulsationpens.pl\/wp-content\/uploads\/2024\/04\/GANS1-1.jpg\" \/>\n\t<meta property=\"og:image:width\" content=\"1116\" \/>\n\t<meta property=\"og:image:height\" content=\"791\" \/>\n\t<meta property=\"og:image:type\" content=\"image\/jpeg\" \/>\n<meta name=\"twitter:card\" content=\"summary_large_image\" \/>\n<meta name=\"twitter:label1\" content=\"Szacowany czas czytania\" \/>\n\t<meta name=\"twitter:data1\" content=\"1 minuta\" \/>\n<script type=\"application\/ld+json\" class=\"yoast-schema-graph\">{\"@context\":\"https:\/\/schema.org\",\"@graph\":[{\"@type\":\"WebPage\",\"@id\":\"https:\/\/pulsationpens.pl\/sklep\/pulsation-pens-gans-co2-zno-wand-2\/\",\"url\":\"https:\/\/pulsationpens.pl\/sklep\/pulsation-pens-gans-co2-zno-wand-2\/\",\"name\":\"Gans CO2 Bioenergetic Wand - Pulsation Pen - Pulsation Pens\",\"isPartOf\":{\"@id\":\"https:\/\/pulsationpens.pl\/#website\"},\"datePublished\":\"2024-04-25T05:26:29+00:00\",\"dateModified\":\"2025-03-25T09:55:38+00:00\",\"breadcrumb\":{\"@id\":\"https:\/\/pulsationpens.pl\/sklep\/pulsation-pens-gans-co2-zno-wand-2\/#breadcrumb\"},\"inLanguage\":\"pl-PL\",\"potentialAction\":[{\"@type\":\"ReadAction\",\"target\":[\"https:\/\/pulsationpens.pl\/sklep\/pulsation-pens-gans-co2-zno-wand-2\/\"]}]},{\"@type\":\"BreadcrumbList\",\"@id\":\"https:\/\/pulsationpens.pl\/sklep\/pulsation-pens-gans-co2-zno-wand-2\/#breadcrumb\",\"itemListElement\":[{\"@type\":\"ListItem\",\"position\":1,\"name\":\"Strona g\u0142\u00f3wna\",\"item\":\"https:\/\/pulsationpens.pl\/\"},{\"@type\":\"ListItem\",\"position\":2,\"name\":\"Shop\",\"item\":\"https:\/\/pulsationpens.pl\/shop\/\"},{\"@type\":\"ListItem\",\"position\":3,\"name\":\"Gans CO2 Bioenergetic Wand &#8211; Pulsation Pen\"}]},{\"@type\":\"WebSite\",\"@id\":\"https:\/\/pulsationpens.pl\/#website\",\"url\":\"https:\/\/pulsationpens.pl\/\",\"name\":\"Pulsation Pens\",\"description\":\"Bioenergetic Devices - Crystal Wands and Amulets\",\"publisher\":{\"@id\":\"https:\/\/pulsationpens.pl\/#organization\"},\"potentialAction\":[{\"@type\":\"SearchAction\",\"target\":{\"@type\":\"EntryPoint\",\"urlTemplate\":\"https:\/\/pulsationpens.pl\/?s={search_term_string}\"},\"query-input\":\"required name=search_term_string\"}],\"inLanguage\":\"pl-PL\"},{\"@type\":\"Organization\",\"@id\":\"https:\/\/pulsationpens.pl\/#organization\",\"name\":\"Pulsation Pens\",\"url\":\"https:\/\/pulsationpens.pl\/\",\"logo\":{\"@type\":\"ImageObject\",\"inLanguage\":\"pl-PL\",\"@id\":\"https:\/\/pulsationpens.pl\/#\/schema\/logo\/image\/\",\"url\":\"https:\/\/pulsationpens.pl\/wp-content\/uploads\/2024\/01\/PULSATION-LOGO-CIRCLE.png\",\"contentUrl\":\"https:\/\/pulsationpens.pl\/wp-content\/uploads\/2024\/01\/PULSATION-LOGO-CIRCLE.png\",\"width\":\"1024\",\"height\":\"1024\",\"caption\":\"Pulsation Pens\"},\"image\":{\"@id\":\"https:\/\/pulsationpens.pl\/#\/schema\/logo\/image\/\"},\"sameAs\":[\"https:\/\/www.facebook.com\/balsamlasu\",\"https:\/\/www.instagram.com\/pulsationpens.pl\/\"]}]}<\/script>\n<!-- \/ Yoast SEO plugin. -->","yoast_head_json":{"title":"Gans CO2 Bioenergetic Wand - Pulsation Pen - Pulsation Pens","robots":{"index":"index","follow":"follow","max-snippet":"max-snippet:-1","max-image-preview":"max-image-preview:large","max-video-preview":"max-video-preview:-1"},"canonical":"https:\/\/pulsationpens.pl\/pl\/sklep\/pulsation-pens-gans-co2-zno-wand-2\/","og_locale":"pl_PL","og_type":"article","og_title":"Gans CO2 Bioenergetic Wand - Pulsation Pen - Pulsation Pens","og_description":"Pulsation Pen\u00a0is a subtle bioenergetic tool designed to support energy work. It is made of spiral nano-copper coils infused with ions of natural mineral salts, wild herbs, Ormus, and GANS (CO\u2082\/ZnO\/CuO), creating a unique fusion of nature and modern technology.  At its core,\u00a0Pulsation Pen\u00a0features vial with GANS CO2\/ZnO. GANS (Gas in a Nano State) is a unique plasma-state material. It is created through a natural, low-energy process that transforms elements into a highly energetic and bioavailable form. GANS emits subtle plasma fields that interact with the body\u2019s energy system, supporting balance, vitality, and overall well-being.  The main properties of GANS include supporting emotional balance, deep relaxation, mental clarity, emotional healing, stress relief, revitalization, and energetic cleansing.   When used in bioenergetic tools like the Pulsation Pen, GANS enhances the natural flow of energy, encourages self-healing processes, and harmonizes both the body and the surrounding environment. It has been reported to help with pain reduction, deep meditation states, and protection against disruptive electromagnetic fields.  By integrating GANS with nano-coils and natural elements, the Pulsation Pen creates a subtle yet powerful energetic influence that aligns with the user\u2019s intentions and promotes a state of holistic well-being.","og_url":"https:\/\/pulsationpens.pl\/pl\/sklep\/pulsation-pens-gans-co2-zno-wand-2\/","og_site_name":"Pulsation Pens","article_publisher":"https:\/\/www.facebook.com\/balsamlasu","article_modified_time":"2025-03-25T09:55:38+00:00","og_image":[{"width":1116,"height":791,"url":"https:\/\/pulsationpens.pl\/wp-content\/uploads\/2024\/04\/GANS1-1.jpg","type":"image\/jpeg"}],"twitter_card":"summary_large_image","twitter_misc":{"Szacowany czas czytania":"1 minuta"},"schema":{"@context":"https:\/\/schema.org","@graph":[{"@type":"WebPage","@id":"https:\/\/pulsationpens.pl\/sklep\/pulsation-pens-gans-co2-zno-wand-2\/","url":"https:\/\/pulsationpens.pl\/sklep\/pulsation-pens-gans-co2-zno-wand-2\/","name":"Gans CO2 Bioenergetic Wand - Pulsation Pen - Pulsation Pens","isPartOf":{"@id":"https:\/\/pulsationpens.pl\/#website"},"datePublished":"2024-04-25T05:26:29+00:00","dateModified":"2025-03-25T09:55:38+00:00","breadcrumb":{"@id":"https:\/\/pulsationpens.pl\/sklep\/pulsation-pens-gans-co2-zno-wand-2\/#breadcrumb"},"inLanguage":"pl-PL","potentialAction":[{"@type":"ReadAction","target":["https:\/\/pulsationpens.pl\/sklep\/pulsation-pens-gans-co2-zno-wand-2\/"]}]},{"@type":"BreadcrumbList","@id":"https:\/\/pulsationpens.pl\/sklep\/pulsation-pens-gans-co2-zno-wand-2\/#breadcrumb","itemListElement":[{"@type":"ListItem","position":1,"name":"Strona g\u0142\u00f3wna","item":"https:\/\/pulsationpens.pl\/"},{"@type":"ListItem","position":2,"name":"Shop","item":"https:\/\/pulsationpens.pl\/shop\/"},{"@type":"ListItem","position":3,"name":"Gans CO2 Bioenergetic Wand &#8211; Pulsation Pen"}]},{"@type":"WebSite","@id":"https:\/\/pulsationpens.pl\/#website","url":"https:\/\/pulsationpens.pl\/","name":"Pulsation Pens","description":"Bioenergetic Devices - Crystal Wands and Amulets","publisher":{"@id":"https:\/\/pulsationpens.pl\/#organization"},"potentialAction":[{"@type":"SearchAction","target":{"@type":"EntryPoint","urlTemplate":"https:\/\/pulsationpens.pl\/?s={search_term_string}"},"query-input":"required name=search_term_string"}],"inLanguage":"pl-PL"},{"@type":"Organization","@id":"https:\/\/pulsationpens.pl\/#organization","name":"Pulsation Pens","url":"https:\/\/pulsationpens.pl\/","logo":{"@type":"ImageObject","inLanguage":"pl-PL","@id":"https:\/\/pulsationpens.pl\/#\/schema\/logo\/image\/","url":"https:\/\/pulsationpens.pl\/wp-content\/uploads\/2024\/01\/PULSATION-LOGO-CIRCLE.png","contentUrl":"https:\/\/pulsationpens.pl\/wp-content\/uploads\/2024\/01\/PULSATION-LOGO-CIRCLE.png","width":"1024","height":"1024","caption":"Pulsation Pens"},"image":{"@id":"https:\/\/pulsationpens.pl\/#\/schema\/logo\/image\/"},"sameAs":["https:\/\/www.facebook.com\/balsamlasu","https:\/\/www.instagram.com\/pulsationpens.pl\/"]}]}},"_links":{"self":[{"href":"https:\/\/pulsationpens.pl\/pl\/wp-json\/wp\/v2\/product\/10462"}],"collection":[{"href":"https:\/\/pulsationpens.pl\/pl\/wp-json\/wp\/v2\/product"}],"about":[{"href":"https:\/\/pulsationpens.pl\/pl\/wp-json\/wp\/v2\/types\/product"}],"replies":[{"embeddable":true,"href":"https:\/\/pulsationpens.pl\/pl\/wp-json\/wp\/v2\/comments?post=10462"}],"version-history":[{"count":5,"href":"https:\/\/pulsationpens.pl\/pl\/wp-json\/wp\/v2\/product\/10462\/revisions"}],"predecessor-version":[{"id":10557,"href":"https:\/\/pulsationpens.pl\/pl\/wp-json\/wp\/v2\/product\/10462\/revisions\/10557"}],"wp:featuredmedia":[{"embeddable":true,"href":"https:\/\/pulsationpens.pl\/pl\/wp-json\/wp\/v2\/media\/10548"}],"wp:attachment":[{"href":"https:\/\/pulsationpens.pl\/pl\/wp-json\/wp\/v2\/media?parent=10462"}],"wp:term":[{"taxonomy":"product_cat","embeddable":true,"href":"https:\/\/pulsationpens.pl\/pl\/wp-json\/wp\/v2\/product_cat?post=10462"},{"taxonomy":"product_tag","embeddable":true,"href":"https:\/\/pulsationpens.pl\/pl\/wp-json\/wp\/v2\/product_tag?post=10462"}],"curies":[{"name":"wp","href":"https:\/\/api.w.org\/{rel}","templated":true}]}}