{"id":2,"date":"2021-03-07T20:23:51","date_gmt":"2021-03-07T19:23:51","guid":{"rendered":"https:\/\/pulsationpens.pl\/?page_id=2"},"modified":"2021-09-18T18:13:30","modified_gmt":"2021-09-18T16:13:30","slug":"przykladowa-strona","status":"publish","type":"page","link":"https:\/\/pulsationpens.pl\/pl\/przykladowa-strona\/","title":{"rendered":"Niestety ale ju\u017c sko\u0144czy\u0142y si\u0119 nam nasze zapasy :( Niebawem w tym miejscu pojawi\u0105 si\u0119 nowe, \u015bwie\u017cutkie, naturalne produkty :)) <3"},"content":{"rendered":"<p>A p\u00f3ki co zobacz jakie PROMOCJE czekaj\u0105 na Ciebie w naszym sklepie \ud83d\ude42<\/p>\n\n\n<div data-block-name=\"woocommerce\/product-on-sale\" class=\"wc-block-grid wp-block-product-on-sale wc-block-product-on-sale has-3-columns has-multiple-rows\"><ul class=\"wc-block-grid__products\"><li class=\"wc-block-grid__product\">\n\t\t\t\t<a href=\"https:\/\/pulsationpens.pl\/pl\/sklep\/amulet-gans-co%e2%82%82-zno\/\" class=\"wc-block-grid__product-link\">\n\t\t\t\t\t<div class=\"wc-block-grid__product-image\"><img width=\"600\" height=\"600\" src=\"https:\/\/pulsationpens.pl\/wp-content\/uploads\/2025\/11\/1763712257710-600x600.png\" class=\"attachment-woocommerce_thumbnail size-woocommerce_thumbnail\" alt=\"Amulet - GANS CO\u2082\/ZnO\" decoding=\"async\" loading=\"lazy\" srcset=\"https:\/\/pulsationpens.pl\/wp-content\/uploads\/2025\/11\/1763712257710-600x600.png 600w, https:\/\/pulsationpens.pl\/wp-content\/uploads\/2025\/11\/1763712257710-150x150.png 150w, https:\/\/pulsationpens.pl\/wp-content\/uploads\/2025\/11\/1763712257710-100x100.png 100w\" sizes=\"(max-width: 600px) 100vw, 600px\" \/><\/div>\n\t\t\t\t\t<div class=\"wc-block-grid__product-title\">Amulet &#8211; GANS CO\u2082\/ZnO<\/div>\n\t\t\t\t<\/a>\n\t\t\t\t<div class=\"wc-block-grid__product-onsale\">\n\t\t\t<span aria-hidden=\"true\" data-no-translation=\"\" data-trp-gettext=\"\">Promocja<\/span>\n\t\t\t<span class=\"screen-reader-text\" data-no-translation=\"\" data-trp-gettext=\"\">Produkt w promocji<\/span>\n\t\t<\/div>\n\t\t\t\t<div class=\"wc-block-grid__product-price price\"><del aria-hidden=\"true\"><span class=\"woocommerce-Price-amount amount\">30,00&nbsp;<span class=\"woocommerce-Price-currencySymbol\">&euro;<\/span><\/span><\/del> <ins><span class=\"woocommerce-Price-amount amount\">25,00&nbsp;<span class=\"woocommerce-Price-currencySymbol\">&euro;<\/span><\/span><\/ins><\/div>\n\t\t\t\t\n\t\t\t\t<div class=\"wp-block-button wc-block-grid__product-add-to-cart\"><a href=\"?add-to-cart=10692\" aria-label=\"Dodaj \u201eAmulet - GANS CO\u2082\/ZnO\u201d do koszyka\" data-quantity=\"1\" data-product_id=\"10692\" data-product_sku=\"\" rel=\"nofollow\" class=\"wp-block-button__link  add_to_cart_button ajax_add_to_cart\" data-no-translation=\"\" data-trp-gettext=\"\" data-no-translation-aria-label=\"\">Dodaj do koszyka<\/a><\/div>\n\t\t\t<\/li><li class=\"wc-block-grid__product\">\n\t\t\t\t<a href=\"https:\/\/pulsationpens.pl\/pl\/sklep\/gans-co2-zno-10-ml-glass-vial\/\" class=\"wc-block-grid__product-link\">\n\t\t\t\t\t<div class=\"wc-block-grid__product-image\"><img width=\"600\" height=\"600\" src=\"https:\/\/pulsationpens.pl\/wp-content\/uploads\/2025\/09\/cbd8cb5a-15dc-4d3c-9472-0f99b0099a43-600x600.jpg\" class=\"attachment-woocommerce_thumbnail size-woocommerce_thumbnail\" alt=\"GANS Co2\/ZnO - 10 ml glass vial\" decoding=\"async\" loading=\"lazy\" srcset=\"https:\/\/pulsationpens.pl\/wp-content\/uploads\/2025\/09\/cbd8cb5a-15dc-4d3c-9472-0f99b0099a43-600x600.jpg 600w, https:\/\/pulsationpens.pl\/wp-content\/uploads\/2025\/09\/cbd8cb5a-15dc-4d3c-9472-0f99b0099a43-150x150.jpg 150w, https:\/\/pulsationpens.pl\/wp-content\/uploads\/2025\/09\/cbd8cb5a-15dc-4d3c-9472-0f99b0099a43-100x100.jpg 100w\" sizes=\"(max-width: 600px) 100vw, 600px\" \/><\/div>\n\t\t\t\t\t<div class=\"wc-block-grid__product-title\">GANS Co2\/ZnO &#8211; 10 ml glass vial<\/div>\n\t\t\t\t<\/a>\n\t\t\t\t<div class=\"wc-block-grid__product-onsale\">\n\t\t\t<span aria-hidden=\"true\" data-no-translation=\"\" data-trp-gettext=\"\">Promocja<\/span>\n\t\t\t<span class=\"screen-reader-text\" data-no-translation=\"\" data-trp-gettext=\"\">Produkt w promocji<\/span>\n\t\t<\/div>\n\t\t\t\t<div class=\"wc-block-grid__product-price price\"><del aria-hidden=\"true\"><span class=\"woocommerce-Price-amount amount\">15,00&nbsp;<span class=\"woocommerce-Price-currencySymbol\">&euro;<\/span><\/span><\/del> <ins><span class=\"woocommerce-Price-amount amount\">10,00&nbsp;<span class=\"woocommerce-Price-currencySymbol\">&euro;<\/span><\/span><\/ins><\/div>\n\t\t\t\t\n\t\t\t\t<div class=\"wp-block-button wc-block-grid__product-add-to-cart\"><a href=\"?add-to-cart=10626\" aria-label=\"Dodaj \u201eGANS Co2\/ZnO - 10 ml glass vial\u201d do koszyka\" data-quantity=\"1\" data-product_id=\"10626\" data-product_sku=\"\" rel=\"nofollow\" class=\"wp-block-button__link  add_to_cart_button ajax_add_to_cart\" data-no-translation=\"\" data-trp-gettext=\"\" data-no-translation-aria-label=\"\">Dodaj do koszyka<\/a><\/div>\n\t\t\t<\/li><li class=\"wc-block-grid__product\">\n\t\t\t\t<a href=\"https:\/\/pulsationpens.pl\/pl\/sklep\/the-bioenergetic-generator-balancing-system\/\" class=\"wc-block-grid__product-link\">\n\t\t\t\t\t<div class=\"wc-block-grid__product-image\"><img width=\"600\" height=\"600\" src=\"https:\/\/pulsationpens.pl\/wp-content\/uploads\/2025\/08\/1-600x600.jpg\" class=\"attachment-woocommerce_thumbnail size-woocommerce_thumbnail\" alt=\"The Bioenergetic Generator - Balancing System\" decoding=\"async\" loading=\"lazy\" srcset=\"https:\/\/pulsationpens.pl\/wp-content\/uploads\/2025\/08\/1-600x600.jpg 600w, https:\/\/pulsationpens.pl\/wp-content\/uploads\/2025\/08\/1-150x150.jpg 150w, https:\/\/pulsationpens.pl\/wp-content\/uploads\/2025\/08\/1-100x100.jpg 100w\" sizes=\"(max-width: 600px) 100vw, 600px\" \/><\/div>\n\t\t\t\t\t<div class=\"wc-block-grid__product-title\">The Bioenergetic Generator &#8211; Balancing System<\/div>\n\t\t\t\t<\/a>\n\t\t\t\t<div class=\"wc-block-grid__product-onsale\">\n\t\t\t<span aria-hidden=\"true\" data-no-translation=\"\" data-trp-gettext=\"\">Promocja<\/span>\n\t\t\t<span class=\"screen-reader-text\" data-no-translation=\"\" data-trp-gettext=\"\">Produkt w promocji<\/span>\n\t\t<\/div>\n\t\t\t\t<div class=\"wc-block-grid__product-price price\"><del aria-hidden=\"true\"><span class=\"woocommerce-Price-amount amount\">2500,00&nbsp;<span class=\"woocommerce-Price-currencySymbol\">&euro;<\/span><\/span><\/del> <ins><span class=\"woocommerce-Price-amount amount\">1800,00&nbsp;<span class=\"woocommerce-Price-currencySymbol\">&euro;<\/span><\/span><\/ins><\/div>\n\t\t\t\t\n\t\t\t\t<div class=\"wp-block-button wc-block-grid__product-add-to-cart\"><a href=\"?add-to-cart=10610\" aria-label=\"Dodaj \u201eThe Bioenergetic Generator - Balancing System\u201d do koszyka\" data-quantity=\"1\" data-product_id=\"10610\" data-product_sku=\"\" rel=\"nofollow\" class=\"wp-block-button__link  add_to_cart_button ajax_add_to_cart\" data-no-translation=\"\" data-trp-gettext=\"\" data-no-translation-aria-label=\"\">Dodaj do koszyka<\/a><\/div>\n\t\t\t<\/li><li class=\"wc-block-grid__product\">\n\t\t\t\t<a href=\"https:\/\/pulsationpens.pl\/pl\/sklep\/tesla-coil-plasma-generator\/\" class=\"wc-block-grid__product-link\">\n\t\t\t\t\t<div class=\"wc-block-grid__product-image\"><img width=\"600\" height=\"600\" src=\"https:\/\/pulsationpens.pl\/wp-content\/uploads\/2025\/07\/crystalquertz-600x600.jpg\" class=\"attachment-woocommerce_thumbnail size-woocommerce_thumbnail\" alt=\"Bioenergetic Generator \u2013 Tesla Coil with Nano Copper, GANS &amp; Crystals \u2013 EMF Protection and Healing\" decoding=\"async\" loading=\"lazy\" srcset=\"https:\/\/pulsationpens.pl\/wp-content\/uploads\/2025\/07\/crystalquertz-600x600.jpg 600w, https:\/\/pulsationpens.pl\/wp-content\/uploads\/2025\/07\/crystalquertz-150x150.jpg 150w, https:\/\/pulsationpens.pl\/wp-content\/uploads\/2025\/07\/crystalquertz-100x100.jpg 100w\" sizes=\"(max-width: 600px) 100vw, 600px\" \/><\/div>\n\t\t\t\t\t<div class=\"wc-block-grid__product-title\">Bioenergetic Generator \u2013 Tesla Coil with Nano Copper, GANS &amp; Crystals \u2013 EMF Protection and Healing<\/div>\n\t\t\t\t<\/a>\n\t\t\t\t\n\t\t\t\t<div class=\"wc-block-grid__product-price price\"><span class=\"woocommerce-Price-amount amount\">160,00&nbsp;<span class=\"woocommerce-Price-currencySymbol\">&euro;<\/span><\/span><\/div>\n\t\t\t\t\n\t\t\t\t<div class=\"wp-block-button wc-block-grid__product-add-to-cart\"><a href=\"https:\/\/pulsationpens.pl\/pl\/sklep\/tesla-coil-plasma-generator\/\" aria-label=\"Wybierz opcje dla \u201eBioenergetic Generator \u2013 Tesla Coil with Nano Copper, GANS &amp; Crystals \u2013 EMF Protection and Healing\u201d\" data-quantity=\"1\" data-product_id=\"8622\" data-product_sku=\"\" rel=\"nofollow\" class=\"wp-block-button__link  add_to_cart_button\" data-no-translation=\"\" data-trp-gettext=\"\" data-no-translation-aria-label=\"\">Wybierz opcje<\/a><\/div>\n\t\t\t<\/li><\/ul><\/div>","protected":false},"excerpt":{"rendered":"<p>A p\u00f3ki co zobacz jakie PROMOCJE czekaj\u0105 na Ciebie w naszym sklepie \ud83d\ude42<\/p>","protected":false},"author":1,"featured_media":0,"parent":0,"menu_order":0,"comment_status":"closed","ping_status":"open","template":"","meta":{"site-sidebar-layout":"default","site-content-layout":"default","ast-global-header-display":"","ast-banner-title-visibility":"","ast-main-header-display":"","ast-hfb-above-header-display":"","ast-hfb-below-header-display":"","ast-hfb-mobile-header-display":"","site-post-title":"","ast-breadcrumbs-content":"","ast-featured-img":"","footer-sml-layout":"","theme-transparent-header-meta":"default","adv-header-id-meta":"","stick-header-meta":"","header-above-stick-meta":"","header-main-stick-meta":"","header-below-stick-meta":"","_vp_format_video_url":"","_vp_image_focal_point":[]},"yoast_head":"<!-- This site is optimized with the Yoast SEO plugin v20.9 - https:\/\/yoast.com\/wordpress\/plugins\/seo\/ -->\n<title>Niestety ale ju\u017c sko\u0144czy\u0142y si\u0119 nam nasze zapasy :( Niebawem w tym miejscu pojawi\u0105 si\u0119 nowe, \u015bwie\u017cutkie, naturalne produkty :))<\/title>\n<meta name=\"robots\" content=\"index, follow, max-snippet:-1, max-image-preview:large, max-video-preview:-1\" \/>\n<link rel=\"canonical\" href=\"https:\/\/balsamlasu.pl\/przykladowa-strona\/\" \/>\n<meta property=\"og:locale\" content=\"pl_PL\" \/>\n<meta property=\"og:type\" content=\"article\" \/>\n<meta property=\"og:title\" content=\"Niestety ale ju\u017c sko\u0144czy\u0142y si\u0119 nam nasze zapasy :( Niebawem w tym miejscu pojawi\u0105 si\u0119 nowe, \u015bwie\u017cutkie, naturalne produkty :))\" \/>\n<meta property=\"og:description\" content=\"A p\u00f3ki co zobacz jakie PROMOCJE czekaj\u0105 na Ciebie w naszym sklepie \ud83d\ude42\" \/>\n<meta property=\"og:url\" content=\"https:\/\/balsamlasu.pl\/przykladowa-strona\/\" \/>\n<meta property=\"og:site_name\" content=\"Pulsation Pens\" \/>\n<meta property=\"article:publisher\" content=\"https:\/\/www.facebook.com\/balsamlasu\" \/>\n<meta property=\"article:modified_time\" content=\"2021-09-18T16:13:30+00:00\" \/>\n<meta name=\"twitter:card\" content=\"summary_large_image\" \/>\n<script type=\"application\/ld+json\" class=\"yoast-schema-graph\">{\"@context\":\"https:\/\/schema.org\",\"@graph\":[{\"@type\":\"WebPage\",\"@id\":\"https:\/\/balsamlasu.pl\/przykladowa-strona\/\",\"url\":\"https:\/\/balsamlasu.pl\/przykladowa-strona\/\",\"name\":\"Niestety ale ju\u017c sko\u0144czy\u0142y si\u0119 nam nasze zapasy :( Niebawem w tym miejscu pojawi\u0105 si\u0119 nowe, \u015bwie\u017cutkie, naturalne produkty :))\",\"isPartOf\":{\"@id\":\"https:\/\/pulsationpens.pl\/#website\"},\"datePublished\":\"2021-03-07T19:23:51+00:00\",\"dateModified\":\"2021-09-18T16:13:30+00:00\",\"breadcrumb\":{\"@id\":\"https:\/\/balsamlasu.pl\/przykladowa-strona\/#breadcrumb\"},\"inLanguage\":\"pl-PL\",\"potentialAction\":[{\"@type\":\"ReadAction\",\"target\":[\"https:\/\/balsamlasu.pl\/przykladowa-strona\/\"]}]},{\"@type\":\"BreadcrumbList\",\"@id\":\"https:\/\/balsamlasu.pl\/przykladowa-strona\/#breadcrumb\",\"itemListElement\":[{\"@type\":\"ListItem\",\"position\":1,\"name\":\"Strona g\u0142\u00f3wna\",\"item\":\"https:\/\/pulsationpens.pl\/\"},{\"@type\":\"ListItem\",\"position\":2,\"name\":\"Niestety ale ju\u017c sko\u0144czy\u0142y si\u0119 nam nasze zapasy :( Niebawem w tym miejscu pojawi\u0105 si\u0119 nowe, \u015bwie\u017cutkie, naturalne produkty :))\"}]},{\"@type\":\"WebSite\",\"@id\":\"https:\/\/pulsationpens.pl\/#website\",\"url\":\"https:\/\/pulsationpens.pl\/\",\"name\":\"Pulsation Pens\",\"description\":\"Bioenergetic Devices - Crystal Wands and Amulets\",\"publisher\":{\"@id\":\"https:\/\/pulsationpens.pl\/#organization\"},\"potentialAction\":[{\"@type\":\"SearchAction\",\"target\":{\"@type\":\"EntryPoint\",\"urlTemplate\":\"https:\/\/pulsationpens.pl\/?s={search_term_string}\"},\"query-input\":\"required name=search_term_string\"}],\"inLanguage\":\"pl-PL\"},{\"@type\":\"Organization\",\"@id\":\"https:\/\/pulsationpens.pl\/#organization\",\"name\":\"Pulsation Pens\",\"url\":\"https:\/\/pulsationpens.pl\/\",\"logo\":{\"@type\":\"ImageObject\",\"inLanguage\":\"pl-PL\",\"@id\":\"https:\/\/pulsationpens.pl\/#\/schema\/logo\/image\/\",\"url\":\"https:\/\/pulsationpens.pl\/wp-content\/uploads\/2024\/01\/PULSATION-LOGO-CIRCLE.png\",\"contentUrl\":\"https:\/\/pulsationpens.pl\/wp-content\/uploads\/2024\/01\/PULSATION-LOGO-CIRCLE.png\",\"width\":\"1024\",\"height\":\"1024\",\"caption\":\"Pulsation Pens\"},\"image\":{\"@id\":\"https:\/\/pulsationpens.pl\/#\/schema\/logo\/image\/\"},\"sameAs\":[\"https:\/\/www.facebook.com\/balsamlasu\",\"https:\/\/www.instagram.com\/pulsationpens.pl\/\"]}]}<\/script>\n<!-- \/ Yoast SEO plugin. -->","yoast_head_json":{"title":"Niestety ale ju\u017c sko\u0144czy\u0142y si\u0119 nam nasze zapasy :( Niebawem w tym miejscu pojawi\u0105 si\u0119 nowe, \u015bwie\u017cutkie, naturalne produkty :))","robots":{"index":"index","follow":"follow","max-snippet":"max-snippet:-1","max-image-preview":"max-image-preview:large","max-video-preview":"max-video-preview:-1"},"canonical":"https:\/\/balsamlasu.pl\/przykladowa-strona\/","og_locale":"pl_PL","og_type":"article","og_title":"Niestety ale ju\u017c sko\u0144czy\u0142y si\u0119 nam nasze zapasy :( Niebawem w tym miejscu pojawi\u0105 si\u0119 nowe, \u015bwie\u017cutkie, naturalne produkty :))","og_description":"A p\u00f3ki co zobacz jakie PROMOCJE czekaj\u0105 na Ciebie w naszym sklepie \ud83d\ude42","og_url":"https:\/\/balsamlasu.pl\/przykladowa-strona\/","og_site_name":"Pulsation Pens","article_publisher":"https:\/\/www.facebook.com\/balsamlasu","article_modified_time":"2021-09-18T16:13:30+00:00","twitter_card":"summary_large_image","schema":{"@context":"https:\/\/schema.org","@graph":[{"@type":"WebPage","@id":"https:\/\/balsamlasu.pl\/przykladowa-strona\/","url":"https:\/\/balsamlasu.pl\/przykladowa-strona\/","name":"Niestety ale ju\u017c sko\u0144czy\u0142y si\u0119 nam nasze zapasy :( Niebawem w tym miejscu pojawi\u0105 si\u0119 nowe, \u015bwie\u017cutkie, naturalne produkty :))","isPartOf":{"@id":"https:\/\/pulsationpens.pl\/#website"},"datePublished":"2021-03-07T19:23:51+00:00","dateModified":"2021-09-18T16:13:30+00:00","breadcrumb":{"@id":"https:\/\/balsamlasu.pl\/przykladowa-strona\/#breadcrumb"},"inLanguage":"pl-PL","potentialAction":[{"@type":"ReadAction","target":["https:\/\/balsamlasu.pl\/przykladowa-strona\/"]}]},{"@type":"BreadcrumbList","@id":"https:\/\/balsamlasu.pl\/przykladowa-strona\/#breadcrumb","itemListElement":[{"@type":"ListItem","position":1,"name":"Strona g\u0142\u00f3wna","item":"https:\/\/pulsationpens.pl\/"},{"@type":"ListItem","position":2,"name":"Niestety ale ju\u017c sko\u0144czy\u0142y si\u0119 nam nasze zapasy :( Niebawem w tym miejscu pojawi\u0105 si\u0119 nowe, \u015bwie\u017cutkie, naturalne produkty :))"}]},{"@type":"WebSite","@id":"https:\/\/pulsationpens.pl\/#website","url":"https:\/\/pulsationpens.pl\/","name":"Pulsation Pens","description":"Bioenergetic Devices - Crystal Wands and Amulets","publisher":{"@id":"https:\/\/pulsationpens.pl\/#organization"},"potentialAction":[{"@type":"SearchAction","target":{"@type":"EntryPoint","urlTemplate":"https:\/\/pulsationpens.pl\/?s={search_term_string}"},"query-input":"required name=search_term_string"}],"inLanguage":"pl-PL"},{"@type":"Organization","@id":"https:\/\/pulsationpens.pl\/#organization","name":"Pulsation Pens","url":"https:\/\/pulsationpens.pl\/","logo":{"@type":"ImageObject","inLanguage":"pl-PL","@id":"https:\/\/pulsationpens.pl\/#\/schema\/logo\/image\/","url":"https:\/\/pulsationpens.pl\/wp-content\/uploads\/2024\/01\/PULSATION-LOGO-CIRCLE.png","contentUrl":"https:\/\/pulsationpens.pl\/wp-content\/uploads\/2024\/01\/PULSATION-LOGO-CIRCLE.png","width":"1024","height":"1024","caption":"Pulsation Pens"},"image":{"@id":"https:\/\/pulsationpens.pl\/#\/schema\/logo\/image\/"},"sameAs":["https:\/\/www.facebook.com\/balsamlasu","https:\/\/www.instagram.com\/pulsationpens.pl\/"]}]}},"_links":{"self":[{"href":"https:\/\/pulsationpens.pl\/pl\/wp-json\/wp\/v2\/pages\/2"}],"collection":[{"href":"https:\/\/pulsationpens.pl\/pl\/wp-json\/wp\/v2\/pages"}],"about":[{"href":"https:\/\/pulsationpens.pl\/pl\/wp-json\/wp\/v2\/types\/page"}],"author":[{"embeddable":true,"href":"https:\/\/pulsationpens.pl\/pl\/wp-json\/wp\/v2\/users\/1"}],"replies":[{"embeddable":true,"href":"https:\/\/pulsationpens.pl\/pl\/wp-json\/wp\/v2\/comments?post=2"}],"version-history":[{"count":0,"href":"https:\/\/pulsationpens.pl\/pl\/wp-json\/wp\/v2\/pages\/2\/revisions"}],"wp:attachment":[{"href":"https:\/\/pulsationpens.pl\/pl\/wp-json\/wp\/v2\/media?parent=2"}],"curies":[{"name":"wp","href":"https:\/\/api.w.org\/{rel}","templated":true}]}}