{"id":10028,"date":"2023-10-13T14:04:57","date_gmt":"2023-10-13T12:04:57","guid":{"rendered":"https:\/\/pulsationpens.pl\/?page_id=10028"},"modified":"2023-10-16T12:18:02","modified_gmt":"2023-10-16T10:18:02","slug":"natural-plasma-cosmetics","status":"publish","type":"page","link":"https:\/\/pulsationpens.pl\/pl\/natural-plasma-cosmetics\/","title":{"rendered":"Naturalne Plazmatyczne Kosmetyki"},"content":{"rendered":"<div data-elementor-type=\"wp-page\" data-elementor-id=\"10028\" class=\"elementor elementor-10028\">\n\t\t\t\t\t\t\t<div class=\"elementor-element elementor-element-86f497c e-flex e-con-boxed e-con\" data-id=\"86f497c\" data-element_type=\"container\" data-settings=\"{&quot;content_width&quot;:&quot;boxed&quot;}\">\n\t\t\t\t\t<div class=\"e-con-inner\">\n\t\t\t\t<div class=\"elementor-element elementor-element-80cedb4 elementor-widget elementor-widget-heading\" data-id=\"80cedb4\" data-element_type=\"widget\" data-widget_type=\"heading.default\">\n\t\t\t\t<div class=\"elementor-widget-container\">\n\t\t\t<style>\/*! elementor - v3.14.0 - 18-06-2023 *\/\n.elementor-heading-title{padding:0;margin:0;line-height:1}.elementor-widget-heading .elementor-heading-title[class*=elementor-size-]>a{color:inherit;font-size:inherit;line-height:inherit}.elementor-widget-heading .elementor-heading-title.elementor-size-small{font-size:15px}.elementor-widget-heading .elementor-heading-title.elementor-size-medium{font-size:19px}.elementor-widget-heading .elementor-heading-title.elementor-size-large{font-size:29px}.elementor-widget-heading .elementor-heading-title.elementor-size-xl{font-size:39px}.elementor-widget-heading .elementor-heading-title.elementor-size-xxl{font-size:59px}<\/style><h2 class=\"elementor-heading-title elementor-size-default\">Naturalne Plazmatyczne Kosmetyki<\/h2>\t\t<\/div>\n\t\t\t\t<\/div>\n\t\t\t\t\t<\/div>\n\t\t\t\t<\/div>\n\t\t<div class=\"elementor-element elementor-element-9623b33 e-flex e-con-boxed e-con\" data-id=\"9623b33\" data-element_type=\"container\" data-settings=\"{&quot;content_width&quot;:&quot;boxed&quot;}\">\n\t\t\t\t\t<div class=\"e-con-inner\">\n\t\t<div class=\"elementor-element elementor-element-2738c57 e-con-full e-flex e-con\" data-id=\"2738c57\" data-element_type=\"container\" data-settings=\"{&quot;content_width&quot;:&quot;full&quot;}\">\n\t\t\t\t<div class=\"elementor-element elementor-element-9503db0 elementor-widget elementor-widget-spacer\" data-id=\"9503db0\" data-element_type=\"widget\" data-widget_type=\"spacer.default\">\n\t\t\t\t<div class=\"elementor-widget-container\">\n\t\t\t<style>\/*! elementor - v3.14.0 - 18-06-2023 *\/\n.elementor-column .elementor-spacer-inner{height:var(--spacer-size)}.e-con{--container-widget-width:100%}.e-con-inner>.elementor-widget-spacer,.e-con>.elementor-widget-spacer{width:var(--container-widget-width,var(--spacer-size));--align-self:var(--container-widget-align-self,initial);--flex-shrink:0}.e-con-inner>.elementor-widget-spacer>.elementor-widget-container,.e-con-inner>.elementor-widget-spacer>.elementor-widget-container>.elementor-spacer,.e-con>.elementor-widget-spacer>.elementor-widget-container,.e-con>.elementor-widget-spacer>.elementor-widget-container>.elementor-spacer{height:100%}.e-con-inner>.elementor-widget-spacer>.elementor-widget-container>.elementor-spacer>.elementor-spacer-inner,.e-con>.elementor-widget-spacer>.elementor-widget-container>.elementor-spacer>.elementor-spacer-inner{height:var(--container-widget-height,var(--spacer-size))}<\/style>\t\t<div class=\"elementor-spacer\">\n\t\t\t<div class=\"elementor-spacer-inner\"><\/div>\n\t\t<\/div>\n\t\t\t\t<\/div>\n\t\t\t\t<\/div>\n\t\t\t\t<div class=\"elementor-element elementor-element-2f598a6 elementor-widget elementor-widget-text-editor\" data-id=\"2f598a6\" data-element_type=\"widget\" data-widget_type=\"text-editor.default\">\n\t\t\t\t<div class=\"elementor-widget-container\">\n\t\t\t<style>\/*! elementor - v3.14.0 - 18-06-2023 *\/\n.elementor-widget-text-editor.elementor-drop-cap-view-stacked .elementor-drop-cap{background-color:#69727d;color:#fff}.elementor-widget-text-editor.elementor-drop-cap-view-framed .elementor-drop-cap{color:#69727d;border:3px solid;background-color:transparent}.elementor-widget-text-editor:not(.elementor-drop-cap-view-default) .elementor-drop-cap{margin-top:8px}.elementor-widget-text-editor:not(.elementor-drop-cap-view-default) .elementor-drop-cap-letter{width:1em;height:1em}.elementor-widget-text-editor .elementor-drop-cap{float:left;text-align:center;line-height:1;font-size:50px}.elementor-widget-text-editor .elementor-drop-cap-letter{display:inline-block}<\/style>\t\t\t\t<p class=\" translation-block\">Nasze Naturalne Kosmetyki oraz Wyroby tworzymy z Prozdrowotnej Pasji dla wzmocnienia kondycji sk\u00f3ry naszego cia\u0142a , rze\u015bko\u015bci i witalno\u015bci. Zale\u017cy nam by nasze produkty by\u0142y bezpieczne, \u0142atwo wch\u0142anialne i konkretne w swoim dzia\u0142aniu.<\/p>\t\t\t\t\t\t<\/div>\n\t\t\t\t<\/div>\n\t\t\t\t<div class=\"elementor-element elementor-element-11db66a elementor-widget elementor-widget-image\" data-id=\"11db66a\" data-element_type=\"widget\" data-widget_type=\"image.default\">\n\t\t\t\t<div class=\"elementor-widget-container\">\n\t\t\t<style>\/*! elementor - v3.14.0 - 18-06-2023 *\/\n.elementor-widget-image{text-align:center}.elementor-widget-image a{display:inline-block}.elementor-widget-image a img[src$=\".svg\"]{width:48px}.elementor-widget-image img{vertical-align:middle;display:inline-block}<\/style>\t\t\t\t\t\t\t\t\t\t\t\t<img decoding=\"async\" width=\"785\" height=\"1024\" src=\"https:\/\/pulsationpens.pl\/wp-content\/uploads\/2023\/08\/bliss.jpg\" class=\"attachment-large size-large wp-image-9547\" alt=\"\" loading=\"lazy\" srcset=\"https:\/\/pulsationpens.pl\/wp-content\/uploads\/2023\/08\/bliss.jpg 852w, https:\/\/pulsationpens.pl\/wp-content\/uploads\/2023\/08\/bliss-600x782.jpg 600w\" sizes=\"(max-width: 785px) 100vw, 785px\" \/>\t\t\t\t\t\t\t\t\t\t\t\t\t\t\t<\/div>\n\t\t\t\t<\/div>\n\t\t\t\t<div class=\"elementor-element elementor-element-5544a40 elementor-widget elementor-widget-spacer\" data-id=\"5544a40\" data-element_type=\"widget\" data-widget_type=\"spacer.default\">\n\t\t\t\t<div class=\"elementor-widget-container\">\n\t\t\t\t\t<div class=\"elementor-spacer\">\n\t\t\t<div class=\"elementor-spacer-inner\"><\/div>\n\t\t<\/div>\n\t\t\t\t<\/div>\n\t\t\t\t<\/div>\n\t\t\t\t<div class=\"elementor-element elementor-element-4785286 elementor-widget elementor-widget-text-editor\" data-id=\"4785286\" data-element_type=\"widget\" data-widget_type=\"text-editor.default\">\n\t\t\t\t<div class=\"elementor-widget-container\">\n\t\t\t\t\t\t\t<p class=\" translation-block\">Ka\u017cdy produkt powstaje ze \u015bwie\u017cozebranych zi\u00f3\u0142 z czystych, dzikich teren\u00f3w. Tworzymy je w domowym zaciszu w naturalny spos\u00f3b bez jakichkolwiek ulepszaczy, konserwant\u00f3w czy chemicznych dodatk\u00f3w.<\/p>\t\t\t\t\t\t<\/div>\n\t\t\t\t<\/div>\n\t\t\t\t<div class=\"elementor-element elementor-element-4e7c2fa elementor-widget elementor-widget-image\" data-id=\"4e7c2fa\" data-element_type=\"widget\" data-widget_type=\"image.default\">\n\t\t\t\t<div class=\"elementor-widget-container\">\n\t\t\t\t\t\t\t\t\t\t\t\t\t\t\t<img decoding=\"async\" width=\"831\" height=\"924\" src=\"https:\/\/pulsationpens.pl\/wp-content\/uploads\/2023\/08\/chestnut-tansy.jpg\" class=\"attachment-large size-large wp-image-9548\" alt=\"\" loading=\"lazy\" srcset=\"https:\/\/pulsationpens.pl\/wp-content\/uploads\/2023\/08\/chestnut-tansy.jpg 831w, https:\/\/pulsationpens.pl\/wp-content\/uploads\/2023\/08\/chestnut-tansy-600x667.jpg 600w\" sizes=\"(max-width: 831px) 100vw, 831px\" \/>\t\t\t\t\t\t\t\t\t\t\t\t\t\t\t<\/div>\n\t\t\t\t<\/div>\n\t\t\t\t<\/div>\n\t\t<div class=\"elementor-element elementor-element-31a2691 e-con-full e-flex e-con\" data-id=\"31a2691\" data-element_type=\"container\" data-settings=\"{&quot;content_width&quot;:&quot;full&quot;}\">\n\t\t\t\t<div class=\"elementor-element elementor-element-7248460 elementor-widget elementor-widget-spacer\" data-id=\"7248460\" data-element_type=\"widget\" data-widget_type=\"spacer.default\">\n\t\t\t\t<div class=\"elementor-widget-container\">\n\t\t\t\t\t<div class=\"elementor-spacer\">\n\t\t\t<div class=\"elementor-spacer-inner\"><\/div>\n\t\t<\/div>\n\t\t\t\t<\/div>\n\t\t\t\t<\/div>\n\t\t\t\t<div class=\"elementor-element elementor-element-d5215fb elementor-widget elementor-widget-text-editor\" data-id=\"d5215fb\" data-element_type=\"widget\" data-widget_type=\"text-editor.default\">\n\t\t\t\t<div class=\"elementor-widget-container\">\n\t\t\t\t\t\t\t<div class=\"lRu31 translation-block\">Dobra kondycja sk\u00f3ry cia\u0142a to wa\u017cny element \u017bycia w Zdrowiu i Witalno\u015bci. Sk\u00f3ra to jeden z najwa\u017cniejszych organ\u00f3w. Gdy jest odpowiednio nawil\u017cona, od\u017cywiona i oczyszczona spe\u0142nia wszystkie swoje funkcj\u0119 i l\u015bni swoim pi\u0119knym blaskiem.<\/div><div class=\"UdTY9 WdefRb\" aria-hidden=\"true\" data-location=\"2\"><div class=\"kO6q6e\">\u00a0<\/div><\/div>\t\t\t\t\t\t<\/div>\n\t\t\t\t<\/div>\n\t\t\t\t<div class=\"elementor-element elementor-element-223861d elementor-widget elementor-widget-image\" data-id=\"223861d\" data-element_type=\"widget\" data-widget_type=\"image.default\">\n\t\t\t\t<div class=\"elementor-widget-container\">\n\t\t\t\t\t\t\t\t\t\t\t\t\t\t\t<img decoding=\"async\" width=\"768\" height=\"800\" src=\"https:\/\/pulsationpens.pl\/wp-content\/uploads\/2023\/08\/lip-glos-1.jpg\" class=\"attachment-large size-large wp-image-9550\" alt=\"\" loading=\"lazy\" srcset=\"https:\/\/pulsationpens.pl\/wp-content\/uploads\/2023\/08\/lip-glos-1.jpg 768w, https:\/\/pulsationpens.pl\/wp-content\/uploads\/2023\/08\/lip-glos-1-600x625.jpg 600w\" sizes=\"(max-width: 768px) 100vw, 768px\" \/>\t\t\t\t\t\t\t\t\t\t\t\t\t\t\t<\/div>\n\t\t\t\t<\/div>\n\t\t\t\t<div class=\"elementor-element elementor-element-63a995d elementor-widget elementor-widget-spacer\" data-id=\"63a995d\" data-element_type=\"widget\" data-widget_type=\"spacer.default\">\n\t\t\t\t<div class=\"elementor-widget-container\">\n\t\t\t\t\t<div class=\"elementor-spacer\">\n\t\t\t<div class=\"elementor-spacer-inner\"><\/div>\n\t\t<\/div>\n\t\t\t\t<\/div>\n\t\t\t\t<\/div>\n\t\t\t\t<div class=\"elementor-element elementor-element-ffbceac elementor-widget elementor-widget-text-editor\" data-id=\"ffbceac\" data-element_type=\"widget\" data-widget_type=\"text-editor.default\">\n\t\t\t\t<div class=\"elementor-widget-container\">\n\t\t\t\t\t\t\t<p class=\" translation-block\">G\u0142\u00f3wnym zadaniem naszych produkt\u00f3w jest dog\u0142\u0119bna piel\u0119gnacja, wsparcie sk\u00f3ry naszego cia\u0142a, od\u017cywienie, wzmocnienie, oczyszczenie, regeneracja i przywr\u00f3cenie jej do naturalnego stanu bez obci\u0105\u017cania zb\u0119dnymi, szkodliwymi dodatkami jakie zazwyczaj znajduj\u0105 si\u0119 w komercyjnych kosmetykach.<strong> Do naszych kosmetyk\u00f3w dodajemy wy\u0142\u0105czenie wysokiej jako\u015bci olejki eteryczne Doterra oraz Gansy CO2\/ZnO <\/strong><\/p>\t\t\t\t\t\t<\/div>\n\t\t\t\t<\/div>\n\t\t\t\t<div class=\"elementor-element elementor-element-300430d elementor-widget elementor-widget-image\" data-id=\"300430d\" data-element_type=\"widget\" data-widget_type=\"image.default\">\n\t\t\t\t<div class=\"elementor-widget-container\">\n\t\t\t\t\t\t\t\t\t\t\t\t\t\t\t<img decoding=\"async\" width=\"862\" height=\"1006\" src=\"https:\/\/pulsationpens.pl\/wp-content\/uploads\/2023\/08\/moroccan.jpg\" class=\"attachment-large size-large wp-image-9552\" alt=\"\" loading=\"lazy\" srcset=\"https:\/\/pulsationpens.pl\/wp-content\/uploads\/2023\/08\/moroccan.jpg 862w, https:\/\/pulsationpens.pl\/wp-content\/uploads\/2023\/08\/moroccan-600x700.jpg 600w\" sizes=\"(max-width: 862px) 100vw, 862px\" \/>\t\t\t\t\t\t\t\t\t\t\t\t\t\t\t<\/div>\n\t\t\t\t<\/div>\n\t\t\t\t<div class=\"elementor-element elementor-element-da61a76 elementor-widget elementor-widget-spacer\" data-id=\"da61a76\" data-element_type=\"widget\" data-widget_type=\"spacer.default\">\n\t\t\t\t<div class=\"elementor-widget-container\">\n\t\t\t\t\t<div class=\"elementor-spacer\">\n\t\t\t<div class=\"elementor-spacer-inner\"><\/div>\n\t\t<\/div>\n\t\t\t\t<\/div>\n\t\t\t\t<\/div>\n\t\t\t\t<\/div>\n\t\t\t\t\t<\/div>\n\t\t\t\t<\/div>\n\t\t<div class=\"elementor-element elementor-element-952cdef e-flex e-con-boxed e-con\" data-id=\"952cdef\" data-element_type=\"container\" data-settings=\"{&quot;content_width&quot;:&quot;boxed&quot;}\">\n\t\t\t\t\t<div class=\"e-con-inner\">\n\t\t\t\t<div class=\"elementor-element elementor-element-6ff2466 elementor-align-center elementor-mobile-align-center elementor-tablet-align-left elementor-widget elementor-widget-button\" data-id=\"6ff2466\" data-element_type=\"widget\" data-widget_type=\"button.default\">\n\t\t\t\t<div class=\"elementor-widget-container\">\n\t\t\t\t\t<div class=\"elementor-button-wrapper\">\n\t\t\t<a class=\"elementor-button elementor-button-link elementor-size-sm\" href=\"https:\/\/pulsationpens.pl\/pl\/kategoria\/plasmatic-herbal-cosmetics\/\">\n\t\t\t\t\t\t<span class=\"elementor-button-content-wrapper\">\n\t\t\t\t\t\t<span class=\"elementor-button-text\">Kup Kosmetyk<\/span>\n\t\t<\/span>\n\t\t\t\t\t<\/a>\n\t\t<\/div>\n\t\t\t\t<\/div>\n\t\t\t\t<\/div>\n\t\t\t\t\t<\/div>\n\t\t\t\t<\/div>\n\t\t\t\t\t\t\t<\/div>","protected":false},"excerpt":{"rendered":"<p>Natural Plasma Cosmetics We create our Natural Plasma Cosmetics with for healthy living. Our products strengthen the condition of our body&#8217;s skin, freshness and vitality. Our products are safe for all types of skin. Each product is made from freshly harvested herbs from clean, wild areas. We create them in a natural way, without any &hellip;<\/p>\n<p class=\"read-more\"> <a class=\"\" href=\"https:\/\/pulsationpens.pl\/pl\/natural-plasma-cosmetics\/\"> <span class=\"screen-reader-text\">Naturalne Plazmatyczne Kosmetyki<\/span> Read More &raquo;<\/a><\/p>","protected":false},"author":1,"featured_media":0,"parent":0,"menu_order":0,"comment_status":"closed","ping_status":"closed","template":"","meta":{"site-sidebar-layout":"no-sidebar","site-content-layout":"page-builder","ast-global-header-display":"","ast-banner-title-visibility":"","ast-main-header-display":"","ast-hfb-above-header-display":"","ast-hfb-below-header-display":"","ast-hfb-mobile-header-display":"","site-post-title":"disabled","ast-breadcrumbs-content":"","ast-featured-img":"disabled","footer-sml-layout":"","theme-transparent-header-meta":"","adv-header-id-meta":"","stick-header-meta":"","header-above-stick-meta":"","header-main-stick-meta":"","header-below-stick-meta":"","_vp_format_video_url":"","_vp_image_focal_point":[]},"yoast_head":"<!-- This site is optimized with the Yoast SEO plugin v20.9 - https:\/\/yoast.com\/wordpress\/plugins\/seo\/ -->\n<title>Natural Plasma Cosmetics - Pulsation Pens<\/title>\n<meta name=\"robots\" content=\"index, follow, max-snippet:-1, max-image-preview:large, max-video-preview:-1\" \/>\n<link rel=\"canonical\" href=\"https:\/\/pulsationpens.pl\/pl\/natural-plasma-cosmetics\/\" \/>\n<meta property=\"og:locale\" content=\"pl_PL\" \/>\n<meta property=\"og:type\" content=\"article\" \/>\n<meta property=\"og:title\" content=\"Natural Plasma Cosmetics - Pulsation Pens\" \/>\n<meta property=\"og:description\" content=\"Natural Plasma Cosmetics We create our Natural Plasma Cosmetics with for healthy living. Our products strengthen the condition of our body&#8217;s skin, freshness and vitality. Our products are safe for all types of skin. Each product is made from freshly harvested herbs from clean, wild areas. We create them in a natural way, without any &hellip; Natural Plasma Cosmetics Read More &raquo;\" \/>\n<meta property=\"og:url\" content=\"https:\/\/pulsationpens.pl\/pl\/natural-plasma-cosmetics\/\" \/>\n<meta property=\"og:site_name\" content=\"Pulsation Pens\" \/>\n<meta property=\"article:publisher\" content=\"https:\/\/www.facebook.com\/balsamlasu\" \/>\n<meta property=\"article:modified_time\" content=\"2023-10-16T10:18:02+00:00\" \/>\n<meta property=\"og:image\" content=\"https:\/\/pulsationpens.pl\/wp-content\/uploads\/2023\/08\/bliss-785x1024.jpg\" \/>\n<meta name=\"twitter:card\" content=\"summary_large_image\" \/>\n<meta name=\"twitter:label1\" content=\"Szacowany czas czytania\" \/>\n\t<meta name=\"twitter:data1\" content=\"2 minuty\" \/>\n<script type=\"application\/ld+json\" class=\"yoast-schema-graph\">{\"@context\":\"https:\/\/schema.org\",\"@graph\":[{\"@type\":\"WebPage\",\"@id\":\"https:\/\/pulsationpens.pl\/natural-plasma-cosmetics\/\",\"url\":\"https:\/\/pulsationpens.pl\/natural-plasma-cosmetics\/\",\"name\":\"Natural Plasma Cosmetics - Pulsation Pens\",\"isPartOf\":{\"@id\":\"https:\/\/pulsationpens.pl\/#website\"},\"datePublished\":\"2023-10-13T12:04:57+00:00\",\"dateModified\":\"2023-10-16T10:18:02+00:00\",\"breadcrumb\":{\"@id\":\"https:\/\/pulsationpens.pl\/natural-plasma-cosmetics\/#breadcrumb\"},\"inLanguage\":\"pl-PL\",\"potentialAction\":[{\"@type\":\"ReadAction\",\"target\":[\"https:\/\/pulsationpens.pl\/natural-plasma-cosmetics\/\"]}]},{\"@type\":\"BreadcrumbList\",\"@id\":\"https:\/\/pulsationpens.pl\/natural-plasma-cosmetics\/#breadcrumb\",\"itemListElement\":[{\"@type\":\"ListItem\",\"position\":1,\"name\":\"Strona g\u0142\u00f3wna\",\"item\":\"https:\/\/pulsationpens.pl\/\"},{\"@type\":\"ListItem\",\"position\":2,\"name\":\"Natural Plasma Cosmetics\"}]},{\"@type\":\"WebSite\",\"@id\":\"https:\/\/pulsationpens.pl\/#website\",\"url\":\"https:\/\/pulsationpens.pl\/\",\"name\":\"Pulsation Pens\",\"description\":\"Bioenergetic Devices - Crystal Wands and Amulets\",\"publisher\":{\"@id\":\"https:\/\/pulsationpens.pl\/#organization\"},\"potentialAction\":[{\"@type\":\"SearchAction\",\"target\":{\"@type\":\"EntryPoint\",\"urlTemplate\":\"https:\/\/pulsationpens.pl\/?s={search_term_string}\"},\"query-input\":\"required name=search_term_string\"}],\"inLanguage\":\"pl-PL\"},{\"@type\":\"Organization\",\"@id\":\"https:\/\/pulsationpens.pl\/#organization\",\"name\":\"Pulsation Pens\",\"url\":\"https:\/\/pulsationpens.pl\/\",\"logo\":{\"@type\":\"ImageObject\",\"inLanguage\":\"pl-PL\",\"@id\":\"https:\/\/pulsationpens.pl\/#\/schema\/logo\/image\/\",\"url\":\"https:\/\/pulsationpens.pl\/wp-content\/uploads\/2024\/01\/PULSATION-LOGO-CIRCLE.png\",\"contentUrl\":\"https:\/\/pulsationpens.pl\/wp-content\/uploads\/2024\/01\/PULSATION-LOGO-CIRCLE.png\",\"width\":\"1024\",\"height\":\"1024\",\"caption\":\"Pulsation Pens\"},\"image\":{\"@id\":\"https:\/\/pulsationpens.pl\/#\/schema\/logo\/image\/\"},\"sameAs\":[\"https:\/\/www.facebook.com\/balsamlasu\",\"https:\/\/www.instagram.com\/pulsationpens.pl\/\"]}]}<\/script>\n<!-- \/ Yoast SEO plugin. -->","yoast_head_json":{"title":"Natural Plasma Cosmetics - Pulsation Pens","robots":{"index":"index","follow":"follow","max-snippet":"max-snippet:-1","max-image-preview":"max-image-preview:large","max-video-preview":"max-video-preview:-1"},"canonical":"https:\/\/pulsationpens.pl\/pl\/natural-plasma-cosmetics\/","og_locale":"pl_PL","og_type":"article","og_title":"Natural Plasma Cosmetics - Pulsation Pens","og_description":"Natural Plasma Cosmetics We create our Natural Plasma Cosmetics with for healthy living. Our products strengthen the condition of our body&#8217;s skin, freshness and vitality. Our products are safe for all types of skin. Each product is made from freshly harvested herbs from clean, wild areas. We create them in a natural way, without any &hellip; Natural Plasma Cosmetics Read More &raquo;","og_url":"https:\/\/pulsationpens.pl\/pl\/natural-plasma-cosmetics\/","og_site_name":"Pulsation Pens","article_publisher":"https:\/\/www.facebook.com\/balsamlasu","article_modified_time":"2023-10-16T10:18:02+00:00","og_image":[{"url":"https:\/\/pulsationpens.pl\/wp-content\/uploads\/2023\/08\/bliss-785x1024.jpg"}],"twitter_card":"summary_large_image","twitter_misc":{"Szacowany czas czytania":"2 minuty"},"schema":{"@context":"https:\/\/schema.org","@graph":[{"@type":"WebPage","@id":"https:\/\/pulsationpens.pl\/natural-plasma-cosmetics\/","url":"https:\/\/pulsationpens.pl\/natural-plasma-cosmetics\/","name":"Natural Plasma Cosmetics - Pulsation Pens","isPartOf":{"@id":"https:\/\/pulsationpens.pl\/#website"},"datePublished":"2023-10-13T12:04:57+00:00","dateModified":"2023-10-16T10:18:02+00:00","breadcrumb":{"@id":"https:\/\/pulsationpens.pl\/natural-plasma-cosmetics\/#breadcrumb"},"inLanguage":"pl-PL","potentialAction":[{"@type":"ReadAction","target":["https:\/\/pulsationpens.pl\/natural-plasma-cosmetics\/"]}]},{"@type":"BreadcrumbList","@id":"https:\/\/pulsationpens.pl\/natural-plasma-cosmetics\/#breadcrumb","itemListElement":[{"@type":"ListItem","position":1,"name":"Strona g\u0142\u00f3wna","item":"https:\/\/pulsationpens.pl\/"},{"@type":"ListItem","position":2,"name":"Natural Plasma Cosmetics"}]},{"@type":"WebSite","@id":"https:\/\/pulsationpens.pl\/#website","url":"https:\/\/pulsationpens.pl\/","name":"Pulsation Pens","description":"Bioenergetic Devices - Crystal Wands and Amulets","publisher":{"@id":"https:\/\/pulsationpens.pl\/#organization"},"potentialAction":[{"@type":"SearchAction","target":{"@type":"EntryPoint","urlTemplate":"https:\/\/pulsationpens.pl\/?s={search_term_string}"},"query-input":"required name=search_term_string"}],"inLanguage":"pl-PL"},{"@type":"Organization","@id":"https:\/\/pulsationpens.pl\/#organization","name":"Pulsation Pens","url":"https:\/\/pulsationpens.pl\/","logo":{"@type":"ImageObject","inLanguage":"pl-PL","@id":"https:\/\/pulsationpens.pl\/#\/schema\/logo\/image\/","url":"https:\/\/pulsationpens.pl\/wp-content\/uploads\/2024\/01\/PULSATION-LOGO-CIRCLE.png","contentUrl":"https:\/\/pulsationpens.pl\/wp-content\/uploads\/2024\/01\/PULSATION-LOGO-CIRCLE.png","width":"1024","height":"1024","caption":"Pulsation Pens"},"image":{"@id":"https:\/\/pulsationpens.pl\/#\/schema\/logo\/image\/"},"sameAs":["https:\/\/www.facebook.com\/balsamlasu","https:\/\/www.instagram.com\/pulsationpens.pl\/"]}]}},"_links":{"self":[{"href":"https:\/\/pulsationpens.pl\/pl\/wp-json\/wp\/v2\/pages\/10028"}],"collection":[{"href":"https:\/\/pulsationpens.pl\/pl\/wp-json\/wp\/v2\/pages"}],"about":[{"href":"https:\/\/pulsationpens.pl\/pl\/wp-json\/wp\/v2\/types\/page"}],"author":[{"embeddable":true,"href":"https:\/\/pulsationpens.pl\/pl\/wp-json\/wp\/v2\/users\/1"}],"replies":[{"embeddable":true,"href":"https:\/\/pulsationpens.pl\/pl\/wp-json\/wp\/v2\/comments?post=10028"}],"version-history":[{"count":40,"href":"https:\/\/pulsationpens.pl\/pl\/wp-json\/wp\/v2\/pages\/10028\/revisions"}],"predecessor-version":[{"id":10072,"href":"https:\/\/pulsationpens.pl\/pl\/wp-json\/wp\/v2\/pages\/10028\/revisions\/10072"}],"wp:attachment":[{"href":"https:\/\/pulsationpens.pl\/pl\/wp-json\/wp\/v2\/media?parent=10028"}],"curies":[{"name":"wp","href":"https:\/\/api.w.org\/{rel}","templated":true}]}}